{"id":2059,"date":"2024-01-02T08:54:17","date_gmt":"2024-01-02T07:54:17","guid":{"rendered":"https:\/\/visite-lyon.fr\/scolaires\/?page_id=2059"},"modified":"2024-10-29T14:15:02","modified_gmt":"2024-10-29T13:15:02","slug":"maternelles","status":"publish","type":"page","link":"https:\/\/visite-lyon.fr\/scolaires\/maternelles\/","title":{"rendered":"Maternelles &#8211; CP"},"content":{"rendered":"<div class=\"wpb-content-wrapper\">[vc_row][vc_column]<div class=\"wpex-post-cards wpex-post-cards-blog_10 wpex-relative\"><div class=\"wpex-post-cards-inner\"><div class=\"wpex-post-cards-loop wpex-post-cards-grid wpex-row wpex-clr\"><div class=\"wpex-post-cards-entry col col-1 span_1_of_2 post-2050 type-page\"><div class=\"wpex-card wpex-card-blog_10\"><div class=\"wpex-card-media wpex-mb-25 overlay-parent overlay-parent-1\"><div class=\"wpex-card-thumbnail wpex-relative\"><a href=\"https:\/\/visite-lyon.fr\/scolaires\/maternelles-parc-tete-dor\/\"><img width=\"1600\" height=\"1068\" src=\"https:\/\/visite-lyon.fr\/scolaires\/wp-content\/uploads\/2024\/01\/Visite-contee-de-la-Tete-dor-maternelles-8.jpg\" class=\"wpex-align-middle\" alt=\"Simone la h\u00e9rissonne\" loading=\"lazy\" decoding=\"async\" srcset=\"https:\/\/visite-lyon.fr\/scolaires\/wp-content\/uploads\/2024\/01\/Visite-contee-de-la-Tete-dor-maternelles-8.jpg 1600w, https:\/\/visite-lyon.fr\/scolaires\/wp-content\/uploads\/2024\/01\/Visite-contee-de-la-Tete-dor-maternelles-8-450x300.jpg 450w, https:\/\/visite-lyon.fr\/scolaires\/wp-content\/uploads\/2024\/01\/Visite-contee-de-la-Tete-dor-maternelles-8-960x641.jpg 960w, https:\/\/visite-lyon.fr\/scolaires\/wp-content\/uploads\/2024\/01\/Visite-contee-de-la-Tete-dor-maternelles-8-768x513.jpg 768w, https:\/\/visite-lyon.fr\/scolaires\/wp-content\/uploads\/2024\/01\/Visite-contee-de-la-Tete-dor-maternelles-8-1536x1025.jpg 1536w\" sizes=\"auto, (max-width: 1600px) 100vw, 1600px\" \/><\/a><\/div><\/div><h2 class=\"wpex-card-title wpex-heading wpex-text-xl wpex-mb-15\"><a href=\"https:\/\/visite-lyon.fr\/scolaires\/maternelles-parc-tete-dor\/\">Simone la h\u00e9rissonne<\/a><\/h2><\/div><\/div><div class=\"wpex-post-cards-entry col col-2 span_1_of_2 post-22 type-page\"><div class=\"wpex-card wpex-card-blog_10\"><div class=\"wpex-card-media wpex-mb-25 overlay-parent overlay-parent-1\"><div class=\"wpex-card-thumbnail wpex-relative\"><a href=\"https:\/\/visite-lyon.fr\/scolaires\/maternelles-vieux-lyon\/\"><img width=\"1600\" height=\"1068\" src=\"https:\/\/visite-lyon.fr\/scolaires\/wp-content\/uploads\/2015\/01\/20140316-cybele-9.jpg\" class=\"wpex-align-middle\" alt=\"activit\u00e9 pour les maternelles\" loading=\"lazy\" decoding=\"async\" srcset=\"https:\/\/visite-lyon.fr\/scolaires\/wp-content\/uploads\/2015\/01\/20140316-cybele-9.jpg 1600w, https:\/\/visite-lyon.fr\/scolaires\/wp-content\/uploads\/2015\/01\/20140316-cybele-9-450x300.jpg 450w, https:\/\/visite-lyon.fr\/scolaires\/wp-content\/uploads\/2015\/01\/20140316-cybele-9-674x450.jpg 674w, https:\/\/visite-lyon.fr\/scolaires\/wp-content\/uploads\/2015\/01\/20140316-cybele-9-135x90.jpg 135w\" sizes=\"auto, (max-width: 1600px) 100vw, 1600px\" \/><\/a><\/div><\/div><h2 class=\"wpex-card-title wpex-heading wpex-text-xl wpex-mb-15\"><a href=\"https:\/\/visite-lyon.fr\/scolaires\/maternelles-vieux-lyon\/\">Alphonse et le lion Spaghetti<\/a><\/h2><\/div><\/div><\/div><\/div><\/div>[vc_column_text]\n<h2>Pourquoi des visites cont\u00e9es ?<\/h2>\n<p style=\"text-align: justify;\">Nos visites cont\u00e9es de Lyon permettent aux \u00e9l\u00e8ves d&rsquo;\u00eatre embarqu\u00e9s\u00a0dans des histoires racontant les aventures de h\u00e9ros leur ressemblant. Le suspense, l&rsquo;\u00e9motion, la narration les emm\u00e8nent dans un autre univers. Un peu \u00e0 la mani\u00e8re des films historiques, nous distillons les connaissances historiques, architecturales, artistiques de fa\u00e7on d\u00e9licate, sans jamais les ass\u00e9ner.<\/p>\n<p style=\"text-align: justify;\">Nous travaillons pour cela avec des techniques de narration test\u00e9es et approuv\u00e9es par les studios de cin\u00e9ma du monde entier et avec des com\u00e9diens et conteurs professionnels qui nous forment en permanence. Nos \u00e9tudes et notre longue exp\u00e9rience de guides conf\u00e9renciers nous permet d&rsquo;\u00eatre parfaitement rigoureux sur nos sources historiques et la qualit\u00e9 des informations historiques que nous utilisons pour \u00e9crire ces visites cont\u00e9es.<\/p>\n<p style=\"text-align: justify;\">Apr\u00e8s de longs travaux autour du conte, de la narration et de toutes les nouvelles techniques de \u00ab\u00a0storytelling\u00a0\u00bb, nous sommes heureux de pouvoir emmener les \u00e9l\u00e8ves pendant 1h30 dans les quartiers de Lyon pour finalement les entendre nous demander s&rsquo;ils peuvent tourner un film avec notre histoire ! (Si, si !)<\/p>\n<p style=\"text-align: justify;\">Si vous ne nous croyez pas, venez tester, on vous invite avec plaisir ! <a href=\"http:\/\/visite-lyon.fr\/scolaires\/invitations-visites-enseignants\/\">Plus d&rsquo;informations ici<\/a>.<\/p>\n<h2>Qui sommes nous ?<\/h2>\n<p>Des passionn\u00e9.es d&rsquo;histoire, de patrimoine qui aiment r\u00eaver. Nous sommes com\u00e9dien.ne.s, musicien.ne.s, conteurs.teuses, toujours un peu artistes, mais avec cette exigence : transmettre l&rsquo;histoire, la vie quotidienne de tous les gens normaux, ceux qui nous ressemblaient il y a 100 ans, 500 ans, ou 2000 ans.<\/p>\n<p><a href=\"https:\/\/visite-lyon.fr\/scolaires\/qui-sommes-nous\/\">En savoir plus sur l&rsquo;\u00e9quipe Cyb\u00e8le<\/a>.<\/p>\n<h2>Y a-t-il des visites ludiques avec des jeux ?<\/h2>\n<p>Malheureusement non. Nous savons qu&rsquo;\u00e9laborer un jeu <strong>vraiment distrayant<\/strong> et qui propose un contenu \u00e9ducatif de qualit\u00e9 est un travail tr\u00e8s compliqu\u00e9. Nous sommes des sp\u00e9cialistes du conte, du patrimoine et des sc\u00e9narios captivants, pas de ludo-p\u00e9dagogie.<\/p>\n<p>Nous sommes par ailleurs convaincus (parce que nous l&rsquo;avons vus de nos propres yeux) que m\u00eame les classes les plus dissip\u00e9es sont compl\u00e8tement captiv\u00e9es par un tr\u00e8s bon conte. Nous pr\u00e9f\u00e9rons donc nous consacrer \u00e0 ce que nous savons faire, et le faire bien. Tr\u00e8s bien m\u00eame.[\/vc_column_text]<div class=\"vcex-spacing wpex-w-100 wpex-clear\"><\/div><style>.vcex-button.vcex_69ffe06aa31ec{font-size:16px;}<\/style><div class=\"theme-button-wrap textcenter wpex-clr\"><a href=\"https:\/\/visite-lyon.fr\/scolaires\/visites-contees-ludiques-de-lyon-pour-les-scolaires\/\" class=\"vcex-button theme-button align-center inline vcex_69ffe06aa31ec\"><span class=\"vcex-button-inner theme-button-inner wpex-flex wpex-flex-wrap wpex-items-center wpex-justify-center\">Voir toutes les visites (tous niveaux)<\/span><\/a><\/div> <div class=\"vcex-spacing wpex-w-100 wpex-clear\"><\/div>[vc_column_text]\n<div id=\"gallery-1\" class=\"wpex-gallery wpex-grid wpex-grid-cols-2 wpex-gap-20 wpex-lightbox-group\"><figure class=\"gallery-item\"><a href=\"https:\/\/visite-lyon.fr\/scolaires\/wp-content\/uploads\/2015\/01\/IMG_36631.jpg\" class=\"wpex-lightbox-group-item\" data-title=\"visites cont\u00e9es de la Croix-Rousse\"><img loading=\"lazy\" alt=\"visites cont\u00e9es de la Croix-Rousse\" decoding=\"async\" src=\"https:\/\/visite-lyon.fr\/scolaires\/wp-content\/uploads\/2015\/01\/IMG_36631-960x640.jpg\" srcset=\"https:\/\/visite-lyon.fr\/scolaires\/wp-content\/uploads\/2015\/01\/IMG_36631-960x640.jpg 960w, https:\/\/visite-lyon.fr\/scolaires\/wp-content\/uploads\/2015\/01\/IMG_36631-300x200.jpg 300w, https:\/\/visite-lyon.fr\/scolaires\/wp-content\/uploads\/2015\/01\/IMG_36631-675x450.jpg 675w, https:\/\/visite-lyon.fr\/scolaires\/wp-content\/uploads\/2015\/01\/IMG_36631-135x90.jpg 135w, https:\/\/visite-lyon.fr\/scolaires\/wp-content\/uploads\/2015\/01\/IMG_36631.jpg 1920w\" width=\"960\" height=\"640\"><\/a><\/figure><figure class=\"gallery-item\"><a href=\"https:\/\/visite-lyon.fr\/scolaires\/wp-content\/uploads\/2020\/04\/Cybele-Vieux-Lyon-3-Patrick-Roy-e1619096788676.jpg\" class=\"wpex-lightbox-group-item\" data-title=\"visite cont\u00e9e des traboules du Vieux-Lyon pour les scolaires\"><img loading=\"lazy\" alt=\"visite cont\u00e9e des traboules du Vieux-Lyon pour les scolaires\" decoding=\"async\" src=\"https:\/\/visite-lyon.fr\/scolaires\/wp-content\/uploads\/2020\/04\/Cybele-Vieux-Lyon-3-Patrick-Roy-e1619096788676-960x639.jpg\" srcset=\"https:\/\/visite-lyon.fr\/scolaires\/wp-content\/uploads\/2020\/04\/Cybele-Vieux-Lyon-3-Patrick-Roy-e1619096788676-960x639.jpg 960w, https:\/\/visite-lyon.fr\/scolaires\/wp-content\/uploads\/2020\/04\/Cybele-Vieux-Lyon-3-Patrick-Roy-e1619096788676-676x450.jpg 676w, https:\/\/visite-lyon.fr\/scolaires\/wp-content\/uploads\/2020\/04\/Cybele-Vieux-Lyon-3-Patrick-Roy-e1619096788676-135x90.jpg 135w, https:\/\/visite-lyon.fr\/scolaires\/wp-content\/uploads\/2020\/04\/Cybele-Vieux-Lyon-3-Patrick-Roy-e1619096788676.jpg 1200w\" width=\"960\" height=\"639\"><\/a><\/figure><figure class=\"gallery-item\"><a href=\"https:\/\/visite-lyon.fr\/scolaires\/wp-content\/uploads\/2020\/04\/Cybele-visite-musicale-et-contee-vieux-lyon-maternelles-credits-manon-nougier-e1619096872615.jpg\" class=\"wpex-lightbox-group-item\" data-title=\"visite musicale et cont\u00e9e du vieux-lyon pour les maternelles\"><img loading=\"lazy\" alt=\"visite musicale et cont\u00e9e du vieux-lyon pour les maternelles\" decoding=\"async\" src=\"https:\/\/visite-lyon.fr\/scolaires\/wp-content\/uploads\/2020\/04\/Cybele-visite-musicale-et-contee-vieux-lyon-maternelles-credits-manon-nougier-e1619096872615-960x640.jpg\" srcset=\"https:\/\/visite-lyon.fr\/scolaires\/wp-content\/uploads\/2020\/04\/Cybele-visite-musicale-et-contee-vieux-lyon-maternelles-credits-manon-nougier-e1619096872615-960x640.jpg 960w, https:\/\/visite-lyon.fr\/scolaires\/wp-content\/uploads\/2020\/04\/Cybele-visite-musicale-et-contee-vieux-lyon-maternelles-credits-manon-nougier-e1619096872615-675x450.jpg 675w, https:\/\/visite-lyon.fr\/scolaires\/wp-content\/uploads\/2020\/04\/Cybele-visite-musicale-et-contee-vieux-lyon-maternelles-credits-manon-nougier-e1619096872615-135x90.jpg 135w, https:\/\/visite-lyon.fr\/scolaires\/wp-content\/uploads\/2020\/04\/Cybele-visite-musicale-et-contee-vieux-lyon-maternelles-credits-manon-nougier-e1619096872615.jpg 1200w\" width=\"960\" height=\"640\"><\/a><\/figure><figure class=\"gallery-item\"><a href=\"https:\/\/visite-lyon.fr\/scolaires\/wp-content\/uploads\/2020\/04\/Cybele-occupation-9-credits-charles-pietri.jpg\" class=\"wpex-lightbox-group-item\" data-title=\"Visite cont\u00e9e : la r\u00e9sistance \u00e0 Lyon et la vie quotidienne des lyonnais\"><img loading=\"lazy\" alt=\"Visite cont\u00e9e : la r\u00e9sistance \u00e0 Lyon et la vie quotidienne des lyonnais\" decoding=\"async\" src=\"https:\/\/visite-lyon.fr\/scolaires\/wp-content\/uploads\/2020\/04\/Cybele-occupation-9-credits-charles-pietri-960x641.jpg\" srcset=\"https:\/\/visite-lyon.fr\/scolaires\/wp-content\/uploads\/2020\/04\/Cybele-occupation-9-credits-charles-pietri-960x641.jpg 960w, https:\/\/visite-lyon.fr\/scolaires\/wp-content\/uploads\/2020\/04\/Cybele-occupation-9-credits-charles-pietri-450x300.jpg 450w, https:\/\/visite-lyon.fr\/scolaires\/wp-content\/uploads\/2020\/04\/Cybele-occupation-9-credits-charles-pietri-768x513.jpg 768w, https:\/\/visite-lyon.fr\/scolaires\/wp-content\/uploads\/2020\/04\/Cybele-occupation-9-credits-charles-pietri-1536x1025.jpg 1536w, https:\/\/visite-lyon.fr\/scolaires\/wp-content\/uploads\/2020\/04\/Cybele-occupation-9-credits-charles-pietri-674x450.jpg 674w, https:\/\/visite-lyon.fr\/scolaires\/wp-content\/uploads\/2020\/04\/Cybele-occupation-9-credits-charles-pietri-135x90.jpg 135w, https:\/\/visite-lyon.fr\/scolaires\/wp-content\/uploads\/2020\/04\/Cybele-occupation-9-credits-charles-pietri.jpg 1600w\" width=\"960\" height=\"641\"><\/a><\/figure><figure class=\"gallery-item\"><a href=\"https:\/\/visite-lyon.fr\/scolaires\/wp-content\/uploads\/2015\/01\/Le-Vieux-Lyon-se-r\u00e9veille-photo-Patrick-Roy.jpg\" class=\"wpex-lightbox-group-item\" data-title=\"visites cont\u00e9es de Lyon pour les scolaires\"><img loading=\"lazy\" alt=\"visites cont\u00e9es de Lyon pour les scolaires\" decoding=\"async\" src=\"https:\/\/visite-lyon.fr\/scolaires\/wp-content\/uploads\/2015\/01\/Le-Vieux-Lyon-se-r\u00e9veille-photo-Patrick-Roy.jpg\" srcset=\"https:\/\/visite-lyon.fr\/scolaires\/wp-content\/uploads\/2015\/01\/Le-Vieux-Lyon-se-r\u00e9veille-photo-Patrick-Roy.jpg 960w, https:\/\/visite-lyon.fr\/scolaires\/wp-content\/uploads\/2015\/01\/Le-Vieux-Lyon-se-r\u00e9veille-photo-Patrick-Roy-300x200.jpg 300w\" width=\"960\" height=\"639\"><\/a><\/figure><figure class=\"gallery-item\"><a href=\"https:\/\/visite-lyon.fr\/scolaires\/wp-content\/uploads\/2019\/03\/Cybele-visite-contee-pour-les-petits-credits-Manon-Nougier.jpg\" class=\"wpex-lightbox-group-item\" data-title=\"Visites cont\u00e9es du Vieux-Lyon pour les primaires\"><img loading=\"lazy\" alt=\"Visites cont\u00e9es du Vieux-Lyon pour les primaires\" decoding=\"async\" src=\"https:\/\/visite-lyon.fr\/scolaires\/wp-content\/uploads\/2019\/03\/Cybele-visite-contee-pour-les-petits-credits-Manon-Nougier-960x640.jpg\" srcset=\"https:\/\/visite-lyon.fr\/scolaires\/wp-content\/uploads\/2019\/03\/Cybele-visite-contee-pour-les-petits-credits-Manon-Nougier-960x640.jpg 960w, https:\/\/visite-lyon.fr\/scolaires\/wp-content\/uploads\/2019\/03\/Cybele-visite-contee-pour-les-petits-credits-Manon-Nougier-450x300.jpg 450w, https:\/\/visite-lyon.fr\/scolaires\/wp-content\/uploads\/2019\/03\/Cybele-visite-contee-pour-les-petits-credits-Manon-Nougier-768x512.jpg 768w, https:\/\/visite-lyon.fr\/scolaires\/wp-content\/uploads\/2019\/03\/Cybele-visite-contee-pour-les-petits-credits-Manon-Nougier-675x450.jpg 675w, https:\/\/visite-lyon.fr\/scolaires\/wp-content\/uploads\/2019\/03\/Cybele-visite-contee-pour-les-petits-credits-Manon-Nougier-135x90.jpg 135w, https:\/\/visite-lyon.fr\/scolaires\/wp-content\/uploads\/2019\/03\/Cybele-visite-contee-pour-les-petits-credits-Manon-Nougier.jpg 1920w\" width=\"960\" height=\"640\"><\/a><\/figure><\/div>\n\n[\/vc_column_text][\/vc_column][\/vc_row][vc_row][vc_column][\/vc_column][\/vc_row]\n<\/div>","protected":false},"excerpt":{"rendered":"<p>[vc_row][vc_column][vc_column_text] Pourquoi des visites cont\u00e9es ? Nos visites cont\u00e9es de Lyon permettent aux \u00e9l\u00e8ves d&rsquo;\u00eatre embarqu\u00e9s\u00a0dans des histoires racontant les aventures de h\u00e9ros leur ressemblant. Le suspense, l&rsquo;\u00e9motion, la narration les emm\u00e8nent dans un autre univers. Un peu \u00e0 la mani\u00e8re des films historiques, nous distillons les connaissances historiques, architecturales, artistiques de fa\u00e7on d\u00e9licate, sans&hellip;<\/p>\n","protected":false},"author":1,"featured_media":0,"parent":0,"menu_order":0,"comment_status":"closed","ping_status":"closed","template":"","meta":{"footnotes":""},"class_list":["post-2059","page","type-page","status-publish","hentry","entry","has-media"],"yoast_head":"<!-- This site is optimized with the Yoast SEO plugin v27.5 - https:\/\/yoast.com\/product\/yoast-seo-wordpress\/ -->\n<title>Visites cont\u00e9es de Lyon - Une exp\u00e9rience unique pour les scolaires<\/title>\n<meta name=\"description\" content=\"Des visites cont\u00e9es sp\u00e9cialement adapt\u00e9es aux scolaires. Visitez Lyon autrement et laissez-vous emporter dans des aventures incroyables !...\" \/>\n<meta name=\"robots\" content=\"index, follow, max-snippet:-1, max-image-preview:large, max-video-preview:-1\" \/>\n<link rel=\"canonical\" href=\"https:\/\/visite-lyon.fr\/scolaires\/maternelles\/\" \/>\n<meta property=\"og:locale\" content=\"fr_FR\" \/>\n<meta property=\"og:type\" content=\"article\" \/>\n<meta property=\"og:title\" content=\"Visites cont\u00e9es de Lyon - Une exp\u00e9rience unique pour les scolaires\" \/>\n<meta property=\"og:description\" content=\"Des visites cont\u00e9es sp\u00e9cialement adapt\u00e9es aux scolaires. Visitez Lyon autrement et laissez-vous emporter dans des aventures incroyables !...\" \/>\n<meta property=\"og:url\" content=\"https:\/\/visite-lyon.fr\/scolaires\/maternelles\/\" \/>\n<meta property=\"og:site_name\" content=\"Visites cont\u00e9es de Lyon - Cyb\u00e8le\" \/>\n<meta property=\"article:publisher\" content=\"https:\/\/www.facebook.com\/sortiescolairelyon\/\" \/>\n<meta property=\"article:modified_time\" content=\"2024-10-29T13:15:02+00:00\" \/>\n<meta name=\"twitter:label1\" content=\"Dur\u00e9e de lecture estim\u00e9e\" \/>\n\t<meta name=\"twitter:data1\" content=\"2 minutes\" \/>\n<script type=\"application\/ld+json\" class=\"yoast-schema-graph\">{\"@context\":\"https:\\\/\\\/schema.org\",\"@graph\":[{\"@type\":\"WebPage\",\"@id\":\"https:\\\/\\\/visite-lyon.fr\\\/scolaires\\\/maternelles\\\/\",\"url\":\"https:\\\/\\\/visite-lyon.fr\\\/scolaires\\\/maternelles\\\/\",\"name\":\"Visites cont\u00e9es de Lyon - Une exp\u00e9rience unique pour les scolaires\",\"isPartOf\":{\"@id\":\"https:\\\/\\\/visite-lyon.fr\\\/scolaires\\\/#website\"},\"datePublished\":\"2024-01-02T07:54:17+00:00\",\"dateModified\":\"2024-10-29T13:15:02+00:00\",\"description\":\"Des visites cont\u00e9es sp\u00e9cialement adapt\u00e9es aux scolaires. Visitez Lyon autrement et laissez-vous emporter dans des aventures incroyables !...\",\"breadcrumb\":{\"@id\":\"https:\\\/\\\/visite-lyon.fr\\\/scolaires\\\/maternelles\\\/#breadcrumb\"},\"inLanguage\":\"fr-FR\",\"potentialAction\":[{\"@type\":\"ReadAction\",\"target\":[\"https:\\\/\\\/visite-lyon.fr\\\/scolaires\\\/maternelles\\\/\"]}]},{\"@type\":\"BreadcrumbList\",\"@id\":\"https:\\\/\\\/visite-lyon.fr\\\/scolaires\\\/maternelles\\\/#breadcrumb\",\"itemListElement\":[{\"@type\":\"ListItem\",\"position\":1,\"name\":\"Accueil\",\"item\":\"https:\\\/\\\/visite-lyon.fr\\\/scolaires\\\/\"},{\"@type\":\"ListItem\",\"position\":2,\"name\":\"Maternelles &#8211; CP\"}]},{\"@type\":\"WebSite\",\"@id\":\"https:\\\/\\\/visite-lyon.fr\\\/scolaires\\\/#website\",\"url\":\"https:\\\/\\\/visite-lyon.fr\\\/scolaires\\\/\",\"name\":\"Visites cont\u00e9es de Lyon - Cyb\u00e8le\",\"description\":\"Quand Cyb\u00e8le raconte Lyon, vos enfants voyagent dans le temps.\",\"publisher\":{\"@id\":\"https:\\\/\\\/visite-lyon.fr\\\/scolaires\\\/#organization\"},\"potentialAction\":[{\"@type\":\"SearchAction\",\"target\":{\"@type\":\"EntryPoint\",\"urlTemplate\":\"https:\\\/\\\/visite-lyon.fr\\\/scolaires\\\/?s={search_term_string}\"},\"query-input\":{\"@type\":\"PropertyValueSpecification\",\"valueRequired\":true,\"valueName\":\"search_term_string\"}}],\"inLanguage\":\"fr-FR\"},{\"@type\":\"Organization\",\"@id\":\"https:\\\/\\\/visite-lyon.fr\\\/scolaires\\\/#organization\",\"name\":\"Cyb\u00e8le\",\"url\":\"https:\\\/\\\/visite-lyon.fr\\\/scolaires\\\/\",\"logo\":{\"@type\":\"ImageObject\",\"inLanguage\":\"fr-FR\",\"@id\":\"https:\\\/\\\/visite-lyon.fr\\\/scolaires\\\/#\\\/schema\\\/logo\\\/image\\\/\",\"url\":\"https:\\\/\\\/visite-lyon.fr\\\/scolaires\\\/wp-content\\\/uploads\\\/2015\\\/01\\\/logo-cybele.png\",\"contentUrl\":\"https:\\\/\\\/visite-lyon.fr\\\/scolaires\\\/wp-content\\\/uploads\\\/2015\\\/01\\\/logo-cybele.png\",\"width\":269,\"height\":100,\"caption\":\"Cyb\u00e8le\"},\"image\":{\"@id\":\"https:\\\/\\\/visite-lyon.fr\\\/scolaires\\\/#\\\/schema\\\/logo\\\/image\\\/\"},\"sameAs\":[\"https:\\\/\\\/www.facebook.com\\\/sortiescolairelyon\\\/\",\"https:\\\/\\\/x.com\\\/Cybele_arts\",\"http:\\\/\\\/cybelearts\"]}]}<\/script>\n<!-- \/ Yoast SEO plugin. -->","yoast_head_json":{"title":"Visites cont\u00e9es de Lyon - Une exp\u00e9rience unique pour les scolaires","description":"Des visites cont\u00e9es sp\u00e9cialement adapt\u00e9es aux scolaires. Visitez Lyon autrement et laissez-vous emporter dans des aventures incroyables !...","robots":{"index":"index","follow":"follow","max-snippet":"max-snippet:-1","max-image-preview":"max-image-preview:large","max-video-preview":"max-video-preview:-1"},"canonical":"https:\/\/visite-lyon.fr\/scolaires\/maternelles\/","og_locale":"fr_FR","og_type":"article","og_title":"Visites cont\u00e9es de Lyon - Une exp\u00e9rience unique pour les scolaires","og_description":"Des visites cont\u00e9es sp\u00e9cialement adapt\u00e9es aux scolaires. Visitez Lyon autrement et laissez-vous emporter dans des aventures incroyables !...","og_url":"https:\/\/visite-lyon.fr\/scolaires\/maternelles\/","og_site_name":"Visites cont\u00e9es de Lyon - Cyb\u00e8le","article_publisher":"https:\/\/www.facebook.com\/sortiescolairelyon\/","article_modified_time":"2024-10-29T13:15:02+00:00","twitter_misc":{"Dur\u00e9e de lecture estim\u00e9e":"2 minutes"},"schema":{"@context":"https:\/\/schema.org","@graph":[{"@type":"WebPage","@id":"https:\/\/visite-lyon.fr\/scolaires\/maternelles\/","url":"https:\/\/visite-lyon.fr\/scolaires\/maternelles\/","name":"Visites cont\u00e9es de Lyon - Une exp\u00e9rience unique pour les scolaires","isPartOf":{"@id":"https:\/\/visite-lyon.fr\/scolaires\/#website"},"datePublished":"2024-01-02T07:54:17+00:00","dateModified":"2024-10-29T13:15:02+00:00","description":"Des visites cont\u00e9es sp\u00e9cialement adapt\u00e9es aux scolaires. Visitez Lyon autrement et laissez-vous emporter dans des aventures incroyables !...","breadcrumb":{"@id":"https:\/\/visite-lyon.fr\/scolaires\/maternelles\/#breadcrumb"},"inLanguage":"fr-FR","potentialAction":[{"@type":"ReadAction","target":["https:\/\/visite-lyon.fr\/scolaires\/maternelles\/"]}]},{"@type":"BreadcrumbList","@id":"https:\/\/visite-lyon.fr\/scolaires\/maternelles\/#breadcrumb","itemListElement":[{"@type":"ListItem","position":1,"name":"Accueil","item":"https:\/\/visite-lyon.fr\/scolaires\/"},{"@type":"ListItem","position":2,"name":"Maternelles &#8211; CP"}]},{"@type":"WebSite","@id":"https:\/\/visite-lyon.fr\/scolaires\/#website","url":"https:\/\/visite-lyon.fr\/scolaires\/","name":"Visites cont\u00e9es de Lyon - Cyb\u00e8le","description":"Quand Cyb\u00e8le raconte Lyon, vos enfants voyagent dans le temps.","publisher":{"@id":"https:\/\/visite-lyon.fr\/scolaires\/#organization"},"potentialAction":[{"@type":"SearchAction","target":{"@type":"EntryPoint","urlTemplate":"https:\/\/visite-lyon.fr\/scolaires\/?s={search_term_string}"},"query-input":{"@type":"PropertyValueSpecification","valueRequired":true,"valueName":"search_term_string"}}],"inLanguage":"fr-FR"},{"@type":"Organization","@id":"https:\/\/visite-lyon.fr\/scolaires\/#organization","name":"Cyb\u00e8le","url":"https:\/\/visite-lyon.fr\/scolaires\/","logo":{"@type":"ImageObject","inLanguage":"fr-FR","@id":"https:\/\/visite-lyon.fr\/scolaires\/#\/schema\/logo\/image\/","url":"https:\/\/visite-lyon.fr\/scolaires\/wp-content\/uploads\/2015\/01\/logo-cybele.png","contentUrl":"https:\/\/visite-lyon.fr\/scolaires\/wp-content\/uploads\/2015\/01\/logo-cybele.png","width":269,"height":100,"caption":"Cyb\u00e8le"},"image":{"@id":"https:\/\/visite-lyon.fr\/scolaires\/#\/schema\/logo\/image\/"},"sameAs":["https:\/\/www.facebook.com\/sortiescolairelyon\/","https:\/\/x.com\/Cybele_arts","http:\/\/cybelearts"]}]}},"_links":{"self":[{"href":"https:\/\/visite-lyon.fr\/scolaires\/wp-json\/wp\/v2\/pages\/2059","targetHints":{"allow":["GET"]}}],"collection":[{"href":"https:\/\/visite-lyon.fr\/scolaires\/wp-json\/wp\/v2\/pages"}],"about":[{"href":"https:\/\/visite-lyon.fr\/scolaires\/wp-json\/wp\/v2\/types\/page"}],"author":[{"embeddable":true,"href":"https:\/\/visite-lyon.fr\/scolaires\/wp-json\/wp\/v2\/users\/1"}],"replies":[{"embeddable":true,"href":"https:\/\/visite-lyon.fr\/scolaires\/wp-json\/wp\/v2\/comments?post=2059"}],"version-history":[{"count":4,"href":"https:\/\/visite-lyon.fr\/scolaires\/wp-json\/wp\/v2\/pages\/2059\/revisions"}],"predecessor-version":[{"id":2257,"href":"https:\/\/visite-lyon.fr\/scolaires\/wp-json\/wp\/v2\/pages\/2059\/revisions\/2257"}],"wp:attachment":[{"href":"https:\/\/visite-lyon.fr\/scolaires\/wp-json\/wp\/v2\/media?parent=2059"}],"curies":[{"name":"wp","href":"https:\/\/api.w.org\/{rel}","templated":true}]}}