{"id":2094,"date":"2025-01-10T09:52:49","date_gmt":"2025-01-10T08:52:49","guid":{"rendered":"https:\/\/visite-lyon.fr\/scolaires\/?page_id=2094"},"modified":"2025-01-31T17:57:00","modified_gmt":"2025-01-31T16:57:00","slug":"dossiers-pedagogiques","status":"publish","type":"page","link":"https:\/\/visite-lyon.fr\/scolaires\/dossiers-pedagogiques\/","title":{"rendered":"Dossiers p\u00e9dagogiques"},"content":{"rendered":"<div class=\"wpb-content-wrapper\">[vc_row][vc_column][vc_column_text css=\u00a0\u00bb\u00a0\u00bb]Nos dossiers p\u00e9dagogiques sont d\u00e9sormais r\u00e9serv\u00e9s aux enseignant\u00b7es ayant r\u00e9serv\u00e9 une visite cont\u00e9e avec nous. N&rsquo;h\u00e9sitez pas \u00e0 consulter <strong><a href=\"https:\/\/visite-lyon.fr\/scolaires\/visites-contees-ludiques-de-lyon-pour-les-scolaires\/\">notre catalogue<\/a><\/strong> ou \u00e0 <strong><a href=\"https:\/\/visite-lyon.fr\/scolaires\/contact\/\">nous \u00e9crire<\/a><\/strong> pour nous demander plus de renseignements ou un devis !<\/p>\n<p>Vous pouvez aussi venir tester gratuitement nos visites :[\/vc_column_text]<div class=\"vcex-spacing wpex-w-100 wpex-clear\" style=\"height:30px;\"><\/div><div class=\"theme-button-wrap textcenter wpex-clr\"><a href=\"https:\/\/visite-lyon.fr\/scolaires\/invitations-visites-enseignants\/\" class=\"vcex-button theme-button medium align-center inline\"><span class=\"vcex-button-inner theme-button-inner wpex-flex wpex-flex-wrap wpex-items-center wpex-justify-center\">Demander une invitation<\/span><\/a><\/div> [\/vc_column][\/vc_row][vc_row][vc_column]<figure class=\"vcex-image vcex-module\"><div class=\"vcex-image-inner wpex-relative wpex-inline-block\"><img width=\"1920\" height=\"1200\" src=\"https:\/\/visite-lyon.fr\/scolaires\/wp-content\/uploads\/2025\/01\/visites-ludiques-scolaires-lyon.jpg\" class=\"vcex-image-img wpex-align-middle\" alt=\"Un groupe d&#039;enfants assis par terre. Devant eux Lucille est debout dans une pose th\u00e9\u00e2trale. En arri\u00e8re plan des b\u00e2timents et un bout de la Cath\u00e9drale.\" loading=\"lazy\" decoding=\"async\" srcset=\"https:\/\/visite-lyon.fr\/scolaires\/wp-content\/uploads\/2025\/01\/visites-ludiques-scolaires-lyon.jpg 1920w, https:\/\/visite-lyon.fr\/scolaires\/wp-content\/uploads\/2025\/01\/visites-ludiques-scolaires-lyon-450x281.jpg 450w, https:\/\/visite-lyon.fr\/scolaires\/wp-content\/uploads\/2025\/01\/visites-ludiques-scolaires-lyon-960x600.jpg 960w, https:\/\/visite-lyon.fr\/scolaires\/wp-content\/uploads\/2025\/01\/visites-ludiques-scolaires-lyon-768x480.jpg 768w, https:\/\/visite-lyon.fr\/scolaires\/wp-content\/uploads\/2025\/01\/visites-ludiques-scolaires-lyon-1536x960.jpg 1536w\" sizes=\"auto, (max-width: 1920px) 100vw, 1920px\" \/><\/div><\/figure>[\/vc_column][\/vc_row]\n<\/div>","protected":false},"excerpt":{"rendered":"<p>[vc_row][vc_column][vc_column_text css=\u00a0\u00bb\u00a0\u00bb]Nos dossiers p\u00e9dagogiques sont d\u00e9sormais r\u00e9serv\u00e9s aux enseignant\u00b7es ayant r\u00e9serv\u00e9 une visite cont\u00e9e avec nous. N&rsquo;h\u00e9sitez pas \u00e0 consulter notre catalogue ou \u00e0 nous \u00e9crire pour nous demander plus de renseignements ou un devis ! Vous pouvez aussi venir tester gratuitement nos visites :[\/vc_column_text][\/vc_column][\/vc_row][vc_row][vc_column][\/vc_column][\/vc_row]<\/p>\n","protected":false},"author":1,"featured_media":2295,"parent":0,"menu_order":0,"comment_status":"closed","ping_status":"closed","template":"","meta":{"footnotes":""},"class_list":["post-2094","page","type-page","status-publish","has-post-thumbnail","hentry","entry","has-media"],"yoast_head":"<!-- This site is optimized with the Yoast SEO plugin v27.4 - https:\/\/yoast.com\/product\/yoast-seo-wordpress\/ -->\n<title>Dossiers p\u00e9dagogiques - Visites cont\u00e9es de Lyon - Cyb\u00e8le<\/title>\n<meta name=\"robots\" content=\"index, follow, max-snippet:-1, max-image-preview:large, max-video-preview:-1\" \/>\n<link rel=\"canonical\" href=\"https:\/\/visite-lyon.fr\/scolaires\/dossiers-pedagogiques\/\" \/>\n<meta property=\"og:locale\" content=\"fr_FR\" \/>\n<meta property=\"og:type\" content=\"article\" \/>\n<meta property=\"og:title\" content=\"Dossiers p\u00e9dagogiques - Visites cont\u00e9es de Lyon - Cyb\u00e8le\" \/>\n<meta property=\"og:description\" content=\"[vc_row][vc_column][vc_column_text css=\u00a0\u00bb\u00a0\u00bb]Nos dossiers p\u00e9dagogiques sont d\u00e9sormais r\u00e9serv\u00e9s aux enseignant\u00b7es ayant r\u00e9serv\u00e9 une visite cont\u00e9e avec nous. N&rsquo;h\u00e9sitez pas \u00e0 consulter notre catalogue ou \u00e0 nous \u00e9crire pour nous demander plus de renseignements ou un devis ! Vous pouvez aussi venir tester gratuitement nos visites :[\/vc_column_text][\/vc_column][\/vc_row][vc_row][vc_column][\/vc_column][\/vc_row]\" \/>\n<meta property=\"og:url\" content=\"https:\/\/visite-lyon.fr\/scolaires\/dossiers-pedagogiques\/\" \/>\n<meta property=\"og:site_name\" content=\"Visites cont\u00e9es de Lyon - Cyb\u00e8le\" \/>\n<meta property=\"article:publisher\" content=\"https:\/\/www.facebook.com\/sortiescolairelyon\/\" \/>\n<meta property=\"article:modified_time\" content=\"2025-01-31T16:57:00+00:00\" \/>\n<meta property=\"og:image\" content=\"https:\/\/visite-lyon.fr\/scolaires\/wp-content\/uploads\/2025\/01\/visites-ludiques-scolaires-lyon.jpg\" \/>\n\t<meta property=\"og:image:width\" content=\"1920\" \/>\n\t<meta property=\"og:image:height\" content=\"1200\" \/>\n\t<meta property=\"og:image:type\" content=\"image\/jpeg\" \/>\n<meta name=\"twitter:label1\" content=\"Dur\u00e9e de lecture estim\u00e9e\" \/>\n\t<meta name=\"twitter:data1\" content=\"1 minute\" \/>\n<script type=\"application\/ld+json\" class=\"yoast-schema-graph\">{\"@context\":\"https:\\\/\\\/schema.org\",\"@graph\":[{\"@type\":\"WebPage\",\"@id\":\"https:\\\/\\\/visite-lyon.fr\\\/scolaires\\\/dossiers-pedagogiques\\\/\",\"url\":\"https:\\\/\\\/visite-lyon.fr\\\/scolaires\\\/dossiers-pedagogiques\\\/\",\"name\":\"Dossiers p\u00e9dagogiques - Visites cont\u00e9es de Lyon - Cyb\u00e8le\",\"isPartOf\":{\"@id\":\"https:\\\/\\\/visite-lyon.fr\\\/scolaires\\\/#website\"},\"primaryImageOfPage\":{\"@id\":\"https:\\\/\\\/visite-lyon.fr\\\/scolaires\\\/dossiers-pedagogiques\\\/#primaryimage\"},\"image\":{\"@id\":\"https:\\\/\\\/visite-lyon.fr\\\/scolaires\\\/dossiers-pedagogiques\\\/#primaryimage\"},\"thumbnailUrl\":\"https:\\\/\\\/visite-lyon.fr\\\/scolaires\\\/wp-content\\\/uploads\\\/2025\\\/01\\\/visites-ludiques-scolaires-lyon.jpg\",\"datePublished\":\"2025-01-10T08:52:49+00:00\",\"dateModified\":\"2025-01-31T16:57:00+00:00\",\"breadcrumb\":{\"@id\":\"https:\\\/\\\/visite-lyon.fr\\\/scolaires\\\/dossiers-pedagogiques\\\/#breadcrumb\"},\"inLanguage\":\"fr-FR\",\"potentialAction\":[{\"@type\":\"ReadAction\",\"target\":[\"https:\\\/\\\/visite-lyon.fr\\\/scolaires\\\/dossiers-pedagogiques\\\/\"]}]},{\"@type\":\"ImageObject\",\"inLanguage\":\"fr-FR\",\"@id\":\"https:\\\/\\\/visite-lyon.fr\\\/scolaires\\\/dossiers-pedagogiques\\\/#primaryimage\",\"url\":\"https:\\\/\\\/visite-lyon.fr\\\/scolaires\\\/wp-content\\\/uploads\\\/2025\\\/01\\\/visites-ludiques-scolaires-lyon.jpg\",\"contentUrl\":\"https:\\\/\\\/visite-lyon.fr\\\/scolaires\\\/wp-content\\\/uploads\\\/2025\\\/01\\\/visites-ludiques-scolaires-lyon.jpg\",\"width\":1920,\"height\":1200,\"caption\":\"Un groupe d'enfants assis par terre. Devant eux Lucille est debout dans une pose th\u00e9\u00e2trale. En arri\u00e8re plan des b\u00e2timents et un bout de la Cath\u00e9drale.\"},{\"@type\":\"BreadcrumbList\",\"@id\":\"https:\\\/\\\/visite-lyon.fr\\\/scolaires\\\/dossiers-pedagogiques\\\/#breadcrumb\",\"itemListElement\":[{\"@type\":\"ListItem\",\"position\":1,\"name\":\"Accueil\",\"item\":\"https:\\\/\\\/visite-lyon.fr\\\/scolaires\\\/\"},{\"@type\":\"ListItem\",\"position\":2,\"name\":\"Dossiers p\u00e9dagogiques\"}]},{\"@type\":\"WebSite\",\"@id\":\"https:\\\/\\\/visite-lyon.fr\\\/scolaires\\\/#website\",\"url\":\"https:\\\/\\\/visite-lyon.fr\\\/scolaires\\\/\",\"name\":\"Visites cont\u00e9es de Lyon - Cyb\u00e8le\",\"description\":\"Quand Cyb\u00e8le raconte Lyon, vos enfants voyagent dans le temps.\",\"publisher\":{\"@id\":\"https:\\\/\\\/visite-lyon.fr\\\/scolaires\\\/#organization\"},\"potentialAction\":[{\"@type\":\"SearchAction\",\"target\":{\"@type\":\"EntryPoint\",\"urlTemplate\":\"https:\\\/\\\/visite-lyon.fr\\\/scolaires\\\/?s={search_term_string}\"},\"query-input\":{\"@type\":\"PropertyValueSpecification\",\"valueRequired\":true,\"valueName\":\"search_term_string\"}}],\"inLanguage\":\"fr-FR\"},{\"@type\":\"Organization\",\"@id\":\"https:\\\/\\\/visite-lyon.fr\\\/scolaires\\\/#organization\",\"name\":\"Cyb\u00e8le\",\"url\":\"https:\\\/\\\/visite-lyon.fr\\\/scolaires\\\/\",\"logo\":{\"@type\":\"ImageObject\",\"inLanguage\":\"fr-FR\",\"@id\":\"https:\\\/\\\/visite-lyon.fr\\\/scolaires\\\/#\\\/schema\\\/logo\\\/image\\\/\",\"url\":\"https:\\\/\\\/visite-lyon.fr\\\/scolaires\\\/wp-content\\\/uploads\\\/2015\\\/01\\\/logo-cybele.png\",\"contentUrl\":\"https:\\\/\\\/visite-lyon.fr\\\/scolaires\\\/wp-content\\\/uploads\\\/2015\\\/01\\\/logo-cybele.png\",\"width\":269,\"height\":100,\"caption\":\"Cyb\u00e8le\"},\"image\":{\"@id\":\"https:\\\/\\\/visite-lyon.fr\\\/scolaires\\\/#\\\/schema\\\/logo\\\/image\\\/\"},\"sameAs\":[\"https:\\\/\\\/www.facebook.com\\\/sortiescolairelyon\\\/\",\"https:\\\/\\\/x.com\\\/Cybele_arts\",\"http:\\\/\\\/cybelearts\"]}]}<\/script>\n<!-- \/ Yoast SEO plugin. -->","yoast_head_json":{"title":"Dossiers p\u00e9dagogiques - Visites cont\u00e9es de Lyon - Cyb\u00e8le","robots":{"index":"index","follow":"follow","max-snippet":"max-snippet:-1","max-image-preview":"max-image-preview:large","max-video-preview":"max-video-preview:-1"},"canonical":"https:\/\/visite-lyon.fr\/scolaires\/dossiers-pedagogiques\/","og_locale":"fr_FR","og_type":"article","og_title":"Dossiers p\u00e9dagogiques - Visites cont\u00e9es de Lyon - Cyb\u00e8le","og_description":"[vc_row][vc_column][vc_column_text css=\u00a0\u00bb\u00a0\u00bb]Nos dossiers p\u00e9dagogiques sont d\u00e9sormais r\u00e9serv\u00e9s aux enseignant\u00b7es ayant r\u00e9serv\u00e9 une visite cont\u00e9e avec nous. N&rsquo;h\u00e9sitez pas \u00e0 consulter notre catalogue ou \u00e0 nous \u00e9crire pour nous demander plus de renseignements ou un devis ! Vous pouvez aussi venir tester gratuitement nos visites :[\/vc_column_text][\/vc_column][\/vc_row][vc_row][vc_column][\/vc_column][\/vc_row]","og_url":"https:\/\/visite-lyon.fr\/scolaires\/dossiers-pedagogiques\/","og_site_name":"Visites cont\u00e9es de Lyon - Cyb\u00e8le","article_publisher":"https:\/\/www.facebook.com\/sortiescolairelyon\/","article_modified_time":"2025-01-31T16:57:00+00:00","og_image":[{"width":1920,"height":1200,"url":"https:\/\/visite-lyon.fr\/scolaires\/wp-content\/uploads\/2025\/01\/visites-ludiques-scolaires-lyon.jpg","type":"image\/jpeg"}],"twitter_misc":{"Dur\u00e9e de lecture estim\u00e9e":"1 minute"},"schema":{"@context":"https:\/\/schema.org","@graph":[{"@type":"WebPage","@id":"https:\/\/visite-lyon.fr\/scolaires\/dossiers-pedagogiques\/","url":"https:\/\/visite-lyon.fr\/scolaires\/dossiers-pedagogiques\/","name":"Dossiers p\u00e9dagogiques - Visites cont\u00e9es de Lyon - Cyb\u00e8le","isPartOf":{"@id":"https:\/\/visite-lyon.fr\/scolaires\/#website"},"primaryImageOfPage":{"@id":"https:\/\/visite-lyon.fr\/scolaires\/dossiers-pedagogiques\/#primaryimage"},"image":{"@id":"https:\/\/visite-lyon.fr\/scolaires\/dossiers-pedagogiques\/#primaryimage"},"thumbnailUrl":"https:\/\/visite-lyon.fr\/scolaires\/wp-content\/uploads\/2025\/01\/visites-ludiques-scolaires-lyon.jpg","datePublished":"2025-01-10T08:52:49+00:00","dateModified":"2025-01-31T16:57:00+00:00","breadcrumb":{"@id":"https:\/\/visite-lyon.fr\/scolaires\/dossiers-pedagogiques\/#breadcrumb"},"inLanguage":"fr-FR","potentialAction":[{"@type":"ReadAction","target":["https:\/\/visite-lyon.fr\/scolaires\/dossiers-pedagogiques\/"]}]},{"@type":"ImageObject","inLanguage":"fr-FR","@id":"https:\/\/visite-lyon.fr\/scolaires\/dossiers-pedagogiques\/#primaryimage","url":"https:\/\/visite-lyon.fr\/scolaires\/wp-content\/uploads\/2025\/01\/visites-ludiques-scolaires-lyon.jpg","contentUrl":"https:\/\/visite-lyon.fr\/scolaires\/wp-content\/uploads\/2025\/01\/visites-ludiques-scolaires-lyon.jpg","width":1920,"height":1200,"caption":"Un groupe d'enfants assis par terre. Devant eux Lucille est debout dans une pose th\u00e9\u00e2trale. En arri\u00e8re plan des b\u00e2timents et un bout de la Cath\u00e9drale."},{"@type":"BreadcrumbList","@id":"https:\/\/visite-lyon.fr\/scolaires\/dossiers-pedagogiques\/#breadcrumb","itemListElement":[{"@type":"ListItem","position":1,"name":"Accueil","item":"https:\/\/visite-lyon.fr\/scolaires\/"},{"@type":"ListItem","position":2,"name":"Dossiers p\u00e9dagogiques"}]},{"@type":"WebSite","@id":"https:\/\/visite-lyon.fr\/scolaires\/#website","url":"https:\/\/visite-lyon.fr\/scolaires\/","name":"Visites cont\u00e9es de Lyon - Cyb\u00e8le","description":"Quand Cyb\u00e8le raconte Lyon, vos enfants voyagent dans le temps.","publisher":{"@id":"https:\/\/visite-lyon.fr\/scolaires\/#organization"},"potentialAction":[{"@type":"SearchAction","target":{"@type":"EntryPoint","urlTemplate":"https:\/\/visite-lyon.fr\/scolaires\/?s={search_term_string}"},"query-input":{"@type":"PropertyValueSpecification","valueRequired":true,"valueName":"search_term_string"}}],"inLanguage":"fr-FR"},{"@type":"Organization","@id":"https:\/\/visite-lyon.fr\/scolaires\/#organization","name":"Cyb\u00e8le","url":"https:\/\/visite-lyon.fr\/scolaires\/","logo":{"@type":"ImageObject","inLanguage":"fr-FR","@id":"https:\/\/visite-lyon.fr\/scolaires\/#\/schema\/logo\/image\/","url":"https:\/\/visite-lyon.fr\/scolaires\/wp-content\/uploads\/2015\/01\/logo-cybele.png","contentUrl":"https:\/\/visite-lyon.fr\/scolaires\/wp-content\/uploads\/2015\/01\/logo-cybele.png","width":269,"height":100,"caption":"Cyb\u00e8le"},"image":{"@id":"https:\/\/visite-lyon.fr\/scolaires\/#\/schema\/logo\/image\/"},"sameAs":["https:\/\/www.facebook.com\/sortiescolairelyon\/","https:\/\/x.com\/Cybele_arts","http:\/\/cybelearts"]}]}},"_links":{"self":[{"href":"https:\/\/visite-lyon.fr\/scolaires\/wp-json\/wp\/v2\/pages\/2094","targetHints":{"allow":["GET"]}}],"collection":[{"href":"https:\/\/visite-lyon.fr\/scolaires\/wp-json\/wp\/v2\/pages"}],"about":[{"href":"https:\/\/visite-lyon.fr\/scolaires\/wp-json\/wp\/v2\/types\/page"}],"author":[{"embeddable":true,"href":"https:\/\/visite-lyon.fr\/scolaires\/wp-json\/wp\/v2\/users\/1"}],"replies":[{"embeddable":true,"href":"https:\/\/visite-lyon.fr\/scolaires\/wp-json\/wp\/v2\/comments?post=2094"}],"version-history":[{"count":17,"href":"https:\/\/visite-lyon.fr\/scolaires\/wp-json\/wp\/v2\/pages\/2094\/revisions"}],"predecessor-version":[{"id":2302,"href":"https:\/\/visite-lyon.fr\/scolaires\/wp-json\/wp\/v2\/pages\/2094\/revisions\/2302"}],"wp:featuredmedia":[{"embeddable":true,"href":"https:\/\/visite-lyon.fr\/scolaires\/wp-json\/wp\/v2\/media\/2295"}],"wp:attachment":[{"href":"https:\/\/visite-lyon.fr\/scolaires\/wp-json\/wp\/v2\/media?parent=2094"}],"curies":[{"name":"wp","href":"https:\/\/api.w.org\/{rel}","templated":true}]}}