{"id":326,"date":"2016-07-01T09:28:15","date_gmt":"2016-07-01T09:28:15","guid":{"rendered":"http:\/\/visite-lyon.fr\/scolaires\/?page_id=326"},"modified":"2026-03-27T12:11:54","modified_gmt":"2026-03-27T11:11:54","slug":"invitations-visites-enseignants","status":"publish","type":"page","link":"https:\/\/visite-lyon.fr\/scolaires\/invitations-visites-enseignants\/","title":{"rendered":"Avant de vous lancer : essayez !"},"content":{"rendered":"<div class=\"wpb-content-wrapper\">[vc_row][vc_column][vc_single_image image=\u00a0\u00bb958&Prime;]<div class=\"vcex-spacing wpex-w-100 wpex-clear\" style=\"height:15px;\"><\/div>[vc_column_text css=\u00a0\u00bb\u00a0\u00bb]Nous vous invitons \u00e0 d\u00e9couvrir notre fa\u00e7on de faire en <strong>testant gratuitement nos visites<\/strong>. Nous vous proposons des invitations aux visites de notre programmation pour les particuliers les week-ends et vacances scolaires : nous ne proposons pas toujours la totalit\u00e9 de notre catalogue, mais n\u2019h\u00e9sitez pas \u00e0 <strong>tester une autre visite<\/strong>, vous aurez un bon aper\u00e7u de nos m\u00e9thodes de travail.[\/vc_column_text][vc_empty_space height=\u00a0\u00bb30&Prime;][\/vc_column][\/vc_row][vc_row][vc_column width=\u00a0\u00bb1\/2&Prime;][vc_column_text css=\u00a0\u00bb\u00a0\u00bb]Afin de recevoir une invitation, merci de remplir ce formulaire et nous vous ferons parvenir votre r\u00e9servation par mail. Vous trouverez le calendrier complet de nos visites un peu plus bas.<\/p>\n<p>Cette invitation vous est propos\u00e9e lors de nos visites programm\u00e9es pour les particuliers les week-ends ou vacances scolaires. Pour venir en famille ou entre amis, vous pouvez r\u00e9server des places suppl\u00e9mentaires <strong><span style=\"text-decoration: underline;\"><a href=\"https:\/\/cybele-lyon.fr\/decouvrez-nos-visites-guidees-lyon\/\">sur cette page<\/a><\/span><\/strong>.<\/p>\n<p>Les invitations sont nominatives, r\u00e9serv\u00e9es aux enseignants et ne peuvent pas \u00eatre c\u00e9d\u00e9es \u00e0 d\u2019autres personnes. Un contr\u00f4le d\u2019identit\u00e9 sera effectu\u00e9 au d\u00e9but de chaque visite.<\/p>\n<ul>\n<li>1 billet offert par enseignant<\/li>\n<li>Cordonn\u00e9es de votre \u00e9tablissement requises pour vous offrir les places<\/li>\n<li>Pass \u00e9ducation (carte d\u2019enseignant) \u00e0 pr\u00e9senter au moment de la visite.<\/li>\n<\/ul>\n[\/vc_column_text][vc_empty_space height=\u00a0\u00bb30&Prime;]<h2 class=\"vcex-heading vcex-heading-bottom-border vcex-module wpex-heading wpex-text-2xl wpex-border-b wpex-border-solid wpex-border-main\"><span class=\"vcex-heading-inner wpex-inline-block\">Inscription \u00e0 la newsletter scolaires<\/span><\/h2>[vc_raw_html css=\u00a0\u00bb\u00a0\u00bb]JTNDaWZyYW1lJTIwZGF0YS13LXR5cGUlM0QlMjJlbWJlZGRlZCUyMiUyMGZyYW1lYm9yZGVyJTNEJTIyMCUyMiUyMHNjcm9sbGluZyUzRCUyMm5vJTIyJTIwbWFyZ2luaGVpZ2h0JTNEJTIyMCUyMiUyMG1hcmdpbndpZHRoJTNEJTIyMCUyMiUyMHNyYyUzRCUyMmh0dHBzJTNBJTJGJTJGeHYyaC5tai5hbSUyRndndCUyRnh2MmglMkYwejR2JTJGZm9ybSUzRmMlM0Q0MjRkOGViMyUyMiUyMHdpZHRoJTNEJTIyMTAwJTI1JTIyJTIwc3R5bGUlM0QlMjJoZWlnaHQlM0ElMjAwJTNCJTIyJTNFJTNDJTJGaWZyYW1lJTNFJTBBJTBBJTNDc2NyaXB0JTIwdHlwZSUzRCUyMnRleHQlMkZqYXZhc2NyaXB0JTIyJTIwc3JjJTNEJTIyaHR0cHMlM0ElMkYlMkZhcHAubWFpbGpldC5jb20lMkZwYXMtbmMtZW1iZWRkZWQtdjIuanMlMjIlM0UlM0MlMkZzY3JpcHQlM0UlMEE=[\/vc_raw_html][\/vc_column][vc_column width=\u00a0\u00bb1\/2&Prime;]\n<div class=\"wpcf7 no-js\" id=\"wpcf7-f329-o1\" lang=\"fr-FR\" dir=\"ltr\" data-wpcf7-id=\"329\">\n<div class=\"screen-reader-response\"><p role=\"status\" aria-live=\"polite\" aria-atomic=\"true\"><\/p> <ul><\/ul><\/div>\n<form action=\"\/scolaires\/wp-json\/wp\/v2\/pages\/326#wpcf7-f329-o1\" method=\"post\" class=\"wpcf7-form init\" aria-label=\"Formulaire de contact\" novalidate=\"novalidate\" data-status=\"init\">\n<fieldset class=\"hidden-fields-container\"><input type=\"hidden\" name=\"_wpcf7\" value=\"329\" \/><input type=\"hidden\" name=\"_wpcf7_version\" value=\"6.1.5\" \/><input type=\"hidden\" name=\"_wpcf7_locale\" value=\"fr_FR\" \/><input type=\"hidden\" name=\"_wpcf7_unit_tag\" value=\"wpcf7-f329-o1\" \/><input type=\"hidden\" name=\"_wpcf7_container_post\" value=\"0\" \/><input type=\"hidden\" name=\"_wpcf7_posted_data_hash\" value=\"\" \/>\n<\/fieldset>\n<p>Votre pr\u00e9nom et nom (obligatoire)\n<\/p>\n<p><span class=\"wpcf7-form-control-wrap\" data-name=\"your-name\"><input size=\"40\" maxlength=\"400\" class=\"wpcf7-form-control wpcf7-text wpcf7-validates-as-required\" aria-required=\"true\" aria-invalid=\"false\" value=\"\" type=\"text\" name=\"your-name\" \/><\/span>\n<\/p>\n<p>Votre email (obligatoire)\n<\/p>\n<p><span class=\"wpcf7-form-control-wrap\" data-name=\"your-email\"><input size=\"40\" maxlength=\"400\" class=\"wpcf7-form-control wpcf7-email wpcf7-validates-as-required wpcf7-text wpcf7-validates-as-email\" aria-required=\"true\" aria-invalid=\"false\" value=\"\" type=\"email\" name=\"your-email\" \/><\/span>\n<\/p>\n<p>Votre num\u00e9ro de portable (obligatoire)\n<\/p>\n<p><span class=\"wpcf7-form-control-wrap\" data-name=\"your-tel\"><input size=\"40\" maxlength=\"400\" class=\"wpcf7-form-control wpcf7-text wpcf7-validates-as-required\" aria-required=\"true\" aria-invalid=\"false\" value=\"\" type=\"text\" name=\"your-tel\" \/><\/span>\n<\/p>\n<p>Le niveau dans lequel vous enseignez (obligatoire)\n<\/p>\n<p><span class=\"wpcf7-form-control-wrap\" data-name=\"niveau\"><input size=\"40\" maxlength=\"400\" class=\"wpcf7-form-control wpcf7-text wpcf7-validates-as-required\" aria-required=\"true\" aria-invalid=\"false\" value=\"\" type=\"text\" name=\"niveau\" \/><\/span>\n<\/p>\n<p>Le nom de votre \u00e9tablissement (obligatoire)\n<\/p>\n<p><span class=\"wpcf7-form-control-wrap\" data-name=\"school-name\"><input size=\"40\" maxlength=\"400\" class=\"wpcf7-form-control wpcf7-text wpcf7-validates-as-required\" aria-required=\"true\" aria-invalid=\"false\" value=\"\" type=\"text\" name=\"school-name\" \/><\/span>\n<\/p>\n<p>L'adresse de votre \u00e9tablissement (obligatoire)\n<\/p>\n<p><span class=\"wpcf7-form-control-wrap\" data-name=\"school-adress\"><input size=\"40\" maxlength=\"400\" class=\"wpcf7-form-control wpcf7-text wpcf7-validates-as-required\" aria-required=\"true\" aria-invalid=\"false\" value=\"\" type=\"text\" name=\"school-adress\" \/><\/span>\n<\/p>\n<p>La visite de votre choix (obligatoire)\n<\/p>\n<p><span class=\"wpcf7-form-control-wrap\" data-name=\"visite-choisie\"><input size=\"40\" maxlength=\"400\" class=\"wpcf7-form-control wpcf7-text wpcf7-validates-as-required\" aria-required=\"true\" aria-invalid=\"false\" value=\"\" type=\"text\" name=\"visite-choisie\" \/><\/span>\n<\/p>\n<p><b>Merci de v\u00e9rifier sur le calendrier tout en bas de cette page que la visite est bien programm\u00e9e \u00e0 la date de votre choix.<\/b>\n<\/p>\n<p>La date de votre choix (obligatoire)\n<\/p>\n<p><span class=\"wpcf7-form-control-wrap\" data-name=\"date\"><input size=\"40\" maxlength=\"400\" class=\"wpcf7-form-control wpcf7-text wpcf7-validates-as-required\" aria-required=\"true\" aria-invalid=\"false\" value=\"\" type=\"text\" name=\"date\" \/><\/span>\n<\/p>\n<p>Vous aimeriez venir en famille ou entre amis ? Aucun probl\u00e8me, vous pouvez r\u00e9server des places suppl\u00e9mentaires <a href=\"https:\/\/cybele-lyon.fr\/decouvrez-nos-visites-guidees-lyon\/\">sur cette page<\/a>.\n<\/p>\n<p>Votre message\n<\/p>\n<p><span class=\"wpcf7-form-control-wrap\" data-name=\"your-message\"><textarea cols=\"40\" rows=\"10\" maxlength=\"2000\" class=\"wpcf7-form-control wpcf7-textarea\" aria-invalid=\"false\" name=\"your-message\"><\/textarea><\/span>\n<\/p>\n<p><span class=\"wpcf7-form-control-wrap\" data-name=\"newsletter\"><span class=\"wpcf7-form-control wpcf7-checkbox\"><span class=\"wpcf7-list-item first last\"><label><input type=\"checkbox\" name=\"newsletter[]\" value=\"Je souhaite m&#039;inscrire \u00e0 la newsletter scolaire de Cyb\u00e8le (6 mails par an maximum !)\" \/><span class=\"wpcf7-list-item-label\">Je souhaite m&#039;inscrire \u00e0 la newsletter scolaire de Cyb\u00e8le (6 mails par an maximum !)<\/span><\/label><\/span><\/span><\/span>\n<\/p>\n<p><span class=\"wpcf7-form-control-wrap\" data-name=\"hcap-cf7\">\t\t<input\n\t\t\t\ttype=\"hidden\"\n\t\t\t\tclass=\"hcaptcha-widget-id\"\n\t\t\t\tname=\"hcaptcha-widget-id\"\n\t\t\t\tvalue=\"eyJzb3VyY2UiOlsiY29udGFjdC1mb3JtLTdcL3dwLWNvbnRhY3QtZm9ybS03LnBocCJdLCJmb3JtX2lkIjozMjl9-85fbe84bf183b590cc2d78d287e48411\">\n\t\t\t\t<span id=\"hcap_cf7-69e74f6a1d86b7.10372182\" class=\"wpcf7-form-control h-captcha \"\n\t\t\tdata-sitekey=\"b3ceb5a8-89fe-4eba-805a-4a0056c002a2\"\n\t\t\tdata-theme=\"light\"\n\t\t\tdata-size=\"normal\"\n\t\t\tdata-auto=\"false\"\n\t\t\tdata-ajax=\"false\"\n\t\t\tdata-force=\"false\">\n\t\t<\/span>\n\t\t<input type=\"hidden\" id=\"_wpnonce\" name=\"_wpnonce\" value=\"ba18622b48\" \/><input type=\"hidden\" name=\"_wp_http_referer\" value=\"\/scolaires\/wp-json\/wp\/v2\/pages\/326\" \/><\/span><input class=\"wpcf7-form-control wpcf7-submit has-spinner\" type=\"submit\" value=\"Envoyer\" \/>\n<\/p><p style=\"display: none !important;\" class=\"akismet-fields-container\" data-prefix=\"_wpcf7_ak_\"><label>&#916;<textarea name=\"_wpcf7_ak_hp_textarea\" cols=\"45\" rows=\"8\" maxlength=\"100\"><\/textarea><\/label><input type=\"hidden\" id=\"ak_js_1\" name=\"_wpcf7_ak_js\" value=\"30\"\/><script>document.getElementById( \"ak_js_1\" ).setAttribute( \"value\", ( new Date() ).getTime() );<\/script><\/p><div class=\"wpcf7-response-output\" aria-hidden=\"true\"><\/div>\n<\/form>\n<\/div>\n[\/vc_column][\/vc_row][vc_row][vc_column]<h2 class=\"vcex-heading vcex-heading-bottom-border vcex-module wpex-heading wpex-text-2xl wpex-border-b wpex-border-solid wpex-border-main\"><span class=\"vcex-heading-inner wpex-inline-block\">Calendrier des visites cont\u00e9es<\/span><\/h2>[vc_empty_space height=\u00a0\u00bb30&Prime;][vc_column_text css=\u00a0\u00bb\u00a0\u00bb]Ci-dessous vous trouverez le calendrier complet de nos visites cont\u00e9es dans le cadre de la programmation pour les particuliers pour demander vos invitations. Attention, ce planning est \u00e0 titre indicatif et est susceptible de changer.<\/p>\n<p>Vous pouvez consulter le calendrier \u00e0 jour des visites programm\u00e9es sur notre <span style=\"text-decoration: underline;\"><strong><a href=\"https:\/\/cybele-lyon.fr\/decouvrez-nos-visites-guidees-lyon\/\">billetterie grand public<\/a><\/strong><\/span>.[\/vc_column_text][vc_empty_space height=\u00a0\u00bb30&Prime;][vc_raw_html css=\u00a0\u00bb\u00a0\u00bb]JTNDaWZyYW1lJTIwc3JjJTNEJTIyaHR0cHMlM0ElMkYlMkZjYWxlbmRhci5nb29nbGUuY29tJTJGY2FsZW5kYXIlMkZlbWJlZCUzRmhlaWdodCUzRDYwMCUyNndrc3QlM0QyJTI2Y3R6JTNERXVyb3BlJTI1MkZQYXJpcyUyNnNob3dQcmludCUzRDAlMjZ0aXRsZSUzRENhbGVuZHJpZXIlMjUyMGRlcyUyNTIwdmlzaXRlJTI1MjBjb250JTI1QzMlMjVBOWVzJTI1MjBDeWIlMjVDMyUyNUE4bGUlMjZtb2RlJTNETU9OVEglMjZzaG93Q2FsZW5kYXJzJTNEMCUyNnNob3dUeiUzRDAlMjZzcmMlM0RZM2xpWld4bExtRnlkSE5BWjIxaGFXd3VZMjl0JTI2Y29sb3IlM0QlMjUyM0E3OUI4RSUyMiUyMHN0eWxlJTNEJTIyYm9yZGVyJTNBc29saWQlMjAxcHglMjAlMjM3NzclMjIlMjB3aWR0aCUzRCUyMjk0MCUyMiUyMGhlaWdodCUzRCUyMjYwMCUyMiUyMGZyYW1lYm9yZGVyJTNEJTIyMCUyMiUyMHNjcm9sbGluZyUzRCUyMm5vJTIyJTNFJTNDJTJGaWZyYW1lJTNF[\/vc_raw_html][\/vc_column][\/vc_row]\n<\/div>","protected":false},"excerpt":{"rendered":"<p>[vc_row][vc_column][vc_single_image image=\u00a0\u00bb958&Prime;][vc_column_text css=\u00a0\u00bb\u00a0\u00bb]Nous vous invitons \u00e0 d\u00e9couvrir notre fa\u00e7on de faire en testant gratuitement nos visites. Nous vous proposons des invitations aux visites de notre programmation pour les particuliers les week-ends et vacances scolaires : nous ne proposons pas toujours la totalit\u00e9 de notre catalogue, mais n\u2019h\u00e9sitez pas \u00e0 tester une autre visite, vous aurez&hellip;<\/p>\n","protected":false},"author":1,"featured_media":958,"parent":0,"menu_order":0,"comment_status":"closed","ping_status":"closed","template":"","meta":{"footnotes":""},"class_list":["post-326","page","type-page","status-publish","has-post-thumbnail","hentry","entry","has-media"],"yoast_head":"<!-- This site is optimized with the Yoast SEO plugin v27.4 - https:\/\/yoast.com\/product\/yoast-seo-wordpress\/ -->\n<title>Visites cont\u00e9es offertes pour les enseignants avant de venir en classe<\/title>\n<meta name=\"description\" content=\"Vous avez le projet de faire une visite cont\u00e9e de Lyon avec votre classe ? Nous vous proposons de tester nos visites gratuitement toute l&#039;ann\u00e9e!\" \/>\n<meta name=\"robots\" content=\"index, follow, max-snippet:-1, max-image-preview:large, max-video-preview:-1\" \/>\n<link rel=\"canonical\" href=\"https:\/\/visite-lyon.fr\/scolaires\/invitations-visites-enseignants\/\" \/>\n<meta property=\"og:locale\" content=\"fr_FR\" \/>\n<meta property=\"og:type\" content=\"article\" \/>\n<meta property=\"og:title\" content=\"Visites cont\u00e9es offertes pour les enseignants avant de venir en classe\" \/>\n<meta property=\"og:description\" content=\"Vous avez le projet de faire une visite cont\u00e9e de Lyon avec votre classe ? Nous vous proposons de tester nos visites gratuitement toute l&#039;ann\u00e9e!\" \/>\n<meta property=\"og:url\" content=\"https:\/\/visite-lyon.fr\/scolaires\/invitations-visites-enseignants\/\" \/>\n<meta property=\"og:site_name\" content=\"Visites cont\u00e9es de Lyon - Cyb\u00e8le\" \/>\n<meta property=\"article:publisher\" content=\"https:\/\/www.facebook.com\/sortiescolairelyon\/\" \/>\n<meta property=\"article:modified_time\" content=\"2026-03-27T11:11:54+00:00\" \/>\n<meta property=\"og:image\" content=\"https:\/\/visite-lyon.fr\/scolaires\/wp-content\/uploads\/2019\/02\/Cybele-occupation-7-credits-charles-pietri-e1549907138137.jpg\" \/>\n\t<meta property=\"og:image:width\" content=\"1920\" \/>\n\t<meta property=\"og:image:height\" content=\"782\" \/>\n\t<meta property=\"og:image:type\" content=\"image\/jpeg\" \/>\n<meta name=\"twitter:label1\" content=\"Dur\u00e9e de lecture estim\u00e9e\" \/>\n\t<meta name=\"twitter:data1\" content=\"2 minutes\" \/>\n<script type=\"application\/ld+json\" class=\"yoast-schema-graph\">{\"@context\":\"https:\\\/\\\/schema.org\",\"@graph\":[{\"@type\":\"WebPage\",\"@id\":\"https:\\\/\\\/visite-lyon.fr\\\/scolaires\\\/invitations-visites-enseignants\\\/\",\"url\":\"https:\\\/\\\/visite-lyon.fr\\\/scolaires\\\/invitations-visites-enseignants\\\/\",\"name\":\"Visites cont\u00e9es offertes pour les enseignants avant de venir en classe\",\"isPartOf\":{\"@id\":\"https:\\\/\\\/visite-lyon.fr\\\/scolaires\\\/#website\"},\"primaryImageOfPage\":{\"@id\":\"https:\\\/\\\/visite-lyon.fr\\\/scolaires\\\/invitations-visites-enseignants\\\/#primaryimage\"},\"image\":{\"@id\":\"https:\\\/\\\/visite-lyon.fr\\\/scolaires\\\/invitations-visites-enseignants\\\/#primaryimage\"},\"thumbnailUrl\":\"https:\\\/\\\/visite-lyon.fr\\\/scolaires\\\/wp-content\\\/uploads\\\/2019\\\/02\\\/Cybele-occupation-7-credits-charles-pietri-e1549907138137.jpg\",\"datePublished\":\"2016-07-01T09:28:15+00:00\",\"dateModified\":\"2026-03-27T11:11:54+00:00\",\"description\":\"Vous avez le projet de faire une visite cont\u00e9e de Lyon avec votre classe ? Nous vous proposons de tester nos visites gratuitement toute l'ann\u00e9e!\",\"breadcrumb\":{\"@id\":\"https:\\\/\\\/visite-lyon.fr\\\/scolaires\\\/invitations-visites-enseignants\\\/#breadcrumb\"},\"inLanguage\":\"fr-FR\",\"potentialAction\":[{\"@type\":\"ReadAction\",\"target\":[\"https:\\\/\\\/visite-lyon.fr\\\/scolaires\\\/invitations-visites-enseignants\\\/\"]}]},{\"@type\":\"ImageObject\",\"inLanguage\":\"fr-FR\",\"@id\":\"https:\\\/\\\/visite-lyon.fr\\\/scolaires\\\/invitations-visites-enseignants\\\/#primaryimage\",\"url\":\"https:\\\/\\\/visite-lyon.fr\\\/scolaires\\\/wp-content\\\/uploads\\\/2019\\\/02\\\/Cybele-occupation-7-credits-charles-pietri-e1549907138137.jpg\",\"contentUrl\":\"https:\\\/\\\/visite-lyon.fr\\\/scolaires\\\/wp-content\\\/uploads\\\/2019\\\/02\\\/Cybele-occupation-7-credits-charles-pietri-e1549907138137.jpg\",\"width\":1920,\"height\":782},{\"@type\":\"BreadcrumbList\",\"@id\":\"https:\\\/\\\/visite-lyon.fr\\\/scolaires\\\/invitations-visites-enseignants\\\/#breadcrumb\",\"itemListElement\":[{\"@type\":\"ListItem\",\"position\":1,\"name\":\"Accueil\",\"item\":\"https:\\\/\\\/visite-lyon.fr\\\/scolaires\\\/\"},{\"@type\":\"ListItem\",\"position\":2,\"name\":\"Avant de vous lancer : essayez !\"}]},{\"@type\":\"WebSite\",\"@id\":\"https:\\\/\\\/visite-lyon.fr\\\/scolaires\\\/#website\",\"url\":\"https:\\\/\\\/visite-lyon.fr\\\/scolaires\\\/\",\"name\":\"Visites cont\u00e9es de Lyon - Cyb\u00e8le\",\"description\":\"Quand Cyb\u00e8le raconte Lyon, vos enfants voyagent dans le temps.\",\"publisher\":{\"@id\":\"https:\\\/\\\/visite-lyon.fr\\\/scolaires\\\/#organization\"},\"potentialAction\":[{\"@type\":\"SearchAction\",\"target\":{\"@type\":\"EntryPoint\",\"urlTemplate\":\"https:\\\/\\\/visite-lyon.fr\\\/scolaires\\\/?s={search_term_string}\"},\"query-input\":{\"@type\":\"PropertyValueSpecification\",\"valueRequired\":true,\"valueName\":\"search_term_string\"}}],\"inLanguage\":\"fr-FR\"},{\"@type\":\"Organization\",\"@id\":\"https:\\\/\\\/visite-lyon.fr\\\/scolaires\\\/#organization\",\"name\":\"Cyb\u00e8le\",\"url\":\"https:\\\/\\\/visite-lyon.fr\\\/scolaires\\\/\",\"logo\":{\"@type\":\"ImageObject\",\"inLanguage\":\"fr-FR\",\"@id\":\"https:\\\/\\\/visite-lyon.fr\\\/scolaires\\\/#\\\/schema\\\/logo\\\/image\\\/\",\"url\":\"https:\\\/\\\/visite-lyon.fr\\\/scolaires\\\/wp-content\\\/uploads\\\/2015\\\/01\\\/logo-cybele.png\",\"contentUrl\":\"https:\\\/\\\/visite-lyon.fr\\\/scolaires\\\/wp-content\\\/uploads\\\/2015\\\/01\\\/logo-cybele.png\",\"width\":269,\"height\":100,\"caption\":\"Cyb\u00e8le\"},\"image\":{\"@id\":\"https:\\\/\\\/visite-lyon.fr\\\/scolaires\\\/#\\\/schema\\\/logo\\\/image\\\/\"},\"sameAs\":[\"https:\\\/\\\/www.facebook.com\\\/sortiescolairelyon\\\/\",\"https:\\\/\\\/x.com\\\/Cybele_arts\",\"http:\\\/\\\/cybelearts\"]}]}<\/script>\n<!-- \/ Yoast SEO plugin. -->","yoast_head_json":{"title":"Visites cont\u00e9es offertes pour les enseignants avant de venir en classe","description":"Vous avez le projet de faire une visite cont\u00e9e de Lyon avec votre classe ? Nous vous proposons de tester nos visites gratuitement toute l'ann\u00e9e!","robots":{"index":"index","follow":"follow","max-snippet":"max-snippet:-1","max-image-preview":"max-image-preview:large","max-video-preview":"max-video-preview:-1"},"canonical":"https:\/\/visite-lyon.fr\/scolaires\/invitations-visites-enseignants\/","og_locale":"fr_FR","og_type":"article","og_title":"Visites cont\u00e9es offertes pour les enseignants avant de venir en classe","og_description":"Vous avez le projet de faire une visite cont\u00e9e de Lyon avec votre classe ? Nous vous proposons de tester nos visites gratuitement toute l'ann\u00e9e!","og_url":"https:\/\/visite-lyon.fr\/scolaires\/invitations-visites-enseignants\/","og_site_name":"Visites cont\u00e9es de Lyon - Cyb\u00e8le","article_publisher":"https:\/\/www.facebook.com\/sortiescolairelyon\/","article_modified_time":"2026-03-27T11:11:54+00:00","og_image":[{"width":1920,"height":782,"url":"https:\/\/visite-lyon.fr\/scolaires\/wp-content\/uploads\/2019\/02\/Cybele-occupation-7-credits-charles-pietri-e1549907138137.jpg","type":"image\/jpeg"}],"twitter_misc":{"Dur\u00e9e de lecture estim\u00e9e":"2 minutes"},"schema":{"@context":"https:\/\/schema.org","@graph":[{"@type":"WebPage","@id":"https:\/\/visite-lyon.fr\/scolaires\/invitations-visites-enseignants\/","url":"https:\/\/visite-lyon.fr\/scolaires\/invitations-visites-enseignants\/","name":"Visites cont\u00e9es offertes pour les enseignants avant de venir en classe","isPartOf":{"@id":"https:\/\/visite-lyon.fr\/scolaires\/#website"},"primaryImageOfPage":{"@id":"https:\/\/visite-lyon.fr\/scolaires\/invitations-visites-enseignants\/#primaryimage"},"image":{"@id":"https:\/\/visite-lyon.fr\/scolaires\/invitations-visites-enseignants\/#primaryimage"},"thumbnailUrl":"https:\/\/visite-lyon.fr\/scolaires\/wp-content\/uploads\/2019\/02\/Cybele-occupation-7-credits-charles-pietri-e1549907138137.jpg","datePublished":"2016-07-01T09:28:15+00:00","dateModified":"2026-03-27T11:11:54+00:00","description":"Vous avez le projet de faire une visite cont\u00e9e de Lyon avec votre classe ? Nous vous proposons de tester nos visites gratuitement toute l'ann\u00e9e!","breadcrumb":{"@id":"https:\/\/visite-lyon.fr\/scolaires\/invitations-visites-enseignants\/#breadcrumb"},"inLanguage":"fr-FR","potentialAction":[{"@type":"ReadAction","target":["https:\/\/visite-lyon.fr\/scolaires\/invitations-visites-enseignants\/"]}]},{"@type":"ImageObject","inLanguage":"fr-FR","@id":"https:\/\/visite-lyon.fr\/scolaires\/invitations-visites-enseignants\/#primaryimage","url":"https:\/\/visite-lyon.fr\/scolaires\/wp-content\/uploads\/2019\/02\/Cybele-occupation-7-credits-charles-pietri-e1549907138137.jpg","contentUrl":"https:\/\/visite-lyon.fr\/scolaires\/wp-content\/uploads\/2019\/02\/Cybele-occupation-7-credits-charles-pietri-e1549907138137.jpg","width":1920,"height":782},{"@type":"BreadcrumbList","@id":"https:\/\/visite-lyon.fr\/scolaires\/invitations-visites-enseignants\/#breadcrumb","itemListElement":[{"@type":"ListItem","position":1,"name":"Accueil","item":"https:\/\/visite-lyon.fr\/scolaires\/"},{"@type":"ListItem","position":2,"name":"Avant de vous lancer : essayez !"}]},{"@type":"WebSite","@id":"https:\/\/visite-lyon.fr\/scolaires\/#website","url":"https:\/\/visite-lyon.fr\/scolaires\/","name":"Visites cont\u00e9es de Lyon - Cyb\u00e8le","description":"Quand Cyb\u00e8le raconte Lyon, vos enfants voyagent dans le temps.","publisher":{"@id":"https:\/\/visite-lyon.fr\/scolaires\/#organization"},"potentialAction":[{"@type":"SearchAction","target":{"@type":"EntryPoint","urlTemplate":"https:\/\/visite-lyon.fr\/scolaires\/?s={search_term_string}"},"query-input":{"@type":"PropertyValueSpecification","valueRequired":true,"valueName":"search_term_string"}}],"inLanguage":"fr-FR"},{"@type":"Organization","@id":"https:\/\/visite-lyon.fr\/scolaires\/#organization","name":"Cyb\u00e8le","url":"https:\/\/visite-lyon.fr\/scolaires\/","logo":{"@type":"ImageObject","inLanguage":"fr-FR","@id":"https:\/\/visite-lyon.fr\/scolaires\/#\/schema\/logo\/image\/","url":"https:\/\/visite-lyon.fr\/scolaires\/wp-content\/uploads\/2015\/01\/logo-cybele.png","contentUrl":"https:\/\/visite-lyon.fr\/scolaires\/wp-content\/uploads\/2015\/01\/logo-cybele.png","width":269,"height":100,"caption":"Cyb\u00e8le"},"image":{"@id":"https:\/\/visite-lyon.fr\/scolaires\/#\/schema\/logo\/image\/"},"sameAs":["https:\/\/www.facebook.com\/sortiescolairelyon\/","https:\/\/x.com\/Cybele_arts","http:\/\/cybelearts"]}]}},"_links":{"self":[{"href":"https:\/\/visite-lyon.fr\/scolaires\/wp-json\/wp\/v2\/pages\/326","targetHints":{"allow":["GET"]}}],"collection":[{"href":"https:\/\/visite-lyon.fr\/scolaires\/wp-json\/wp\/v2\/pages"}],"about":[{"href":"https:\/\/visite-lyon.fr\/scolaires\/wp-json\/wp\/v2\/types\/page"}],"author":[{"embeddable":true,"href":"https:\/\/visite-lyon.fr\/scolaires\/wp-json\/wp\/v2\/users\/1"}],"replies":[{"embeddable":true,"href":"https:\/\/visite-lyon.fr\/scolaires\/wp-json\/wp\/v2\/comments?post=326"}],"version-history":[{"count":143,"href":"https:\/\/visite-lyon.fr\/scolaires\/wp-json\/wp\/v2\/pages\/326\/revisions"}],"predecessor-version":[{"id":2373,"href":"https:\/\/visite-lyon.fr\/scolaires\/wp-json\/wp\/v2\/pages\/326\/revisions\/2373"}],"wp:featuredmedia":[{"embeddable":true,"href":"https:\/\/visite-lyon.fr\/scolaires\/wp-json\/wp\/v2\/media\/958"}],"wp:attachment":[{"href":"https:\/\/visite-lyon.fr\/scolaires\/wp-json\/wp\/v2\/media?parent=326"}],"curies":[{"name":"wp","href":"https:\/\/api.w.org\/{rel}","templated":true}]}}