{"id":35,"date":"2015-01-12T14:30:24","date_gmt":"2015-01-12T14:30:24","guid":{"rendered":"http:\/\/visite-lyon.fr\/scolaires\/?page_id=35"},"modified":"2024-11-05T13:07:24","modified_gmt":"2024-11-05T12:07:24","slug":"lycees","status":"publish","type":"page","link":"https:\/\/visite-lyon.fr\/scolaires\/lycees\/","title":{"rendered":"Lyc\u00e9es"},"content":{"rendered":"<div class=\"wpb-content-wrapper\">[vc_row][vc_column][vc_column_text css=\u00a0\u00bb\u00a0\u00bb]\n<p style=\"text-align: center;\"><a href=\"https:\/\/visite-lyon.fr\/scolaires\/colleges\/\"><strong>Cliquez ici pour d\u00e9couvrir les visites adapt\u00e9es aux \u00e9l\u00e8ves de coll\u00e8ge.<\/strong><\/a><\/p>\n[\/vc_column_text]<div class=\"vcex-spacing wpex-w-100 wpex-clear\"><\/div><div class=\"wpex-post-cards wpex-post-cards-blog_10 wpex-relative\"><div class=\"wpex-post-cards-inner\"><div class=\"wpex-post-cards-loop wpex-post-cards-grid wpex-row wpex-clr\"><div class=\"wpex-post-cards-entry col col-1 span_1_of_3 post-1276 type-page\"><div class=\"wpex-card wpex-card-blog_10\"><div class=\"wpex-card-media wpex-mb-25 overlay-parent overlay-parent-1\"><div class=\"wpex-card-thumbnail wpex-relative\"><a href=\"https:\/\/visite-lyon.fr\/scolaires\/visite-contee-hotel-dieu\/\"><img width=\"800\" height=\"534\" src=\"https:\/\/visite-lyon.fr\/scolaires\/wp-content\/uploads\/2020\/04\/Cybele-visite-hotel-dieu-lyon-4.jpg\" class=\"wpex-align-middle\" alt=\"visite cont\u00e9e du grand h\u00f4tel-dieu de Lyon 3\" loading=\"lazy\" decoding=\"async\" srcset=\"https:\/\/visite-lyon.fr\/scolaires\/wp-content\/uploads\/2020\/04\/Cybele-visite-hotel-dieu-lyon-4.jpg 800w, https:\/\/visite-lyon.fr\/scolaires\/wp-content\/uploads\/2020\/04\/Cybele-visite-hotel-dieu-lyon-4-450x300.jpg 450w, https:\/\/visite-lyon.fr\/scolaires\/wp-content\/uploads\/2020\/04\/Cybele-visite-hotel-dieu-lyon-4-768x513.jpg 768w, https:\/\/visite-lyon.fr\/scolaires\/wp-content\/uploads\/2020\/04\/Cybele-visite-hotel-dieu-lyon-4-674x450.jpg 674w, https:\/\/visite-lyon.fr\/scolaires\/wp-content\/uploads\/2020\/04\/Cybele-visite-hotel-dieu-lyon-4-135x90.jpg 135w\" sizes=\"auto, (max-width: 800px) 100vw, 800px\" \/><\/a><\/div><\/div><h2 class=\"wpex-card-title wpex-heading wpex-text-xl wpex-mb-15\"><a href=\"https:\/\/visite-lyon.fr\/scolaires\/visite-contee-hotel-dieu\/\">Les empoisonn\u00e9s du grand d\u00f4me<\/a><\/h2><\/div><\/div><div class=\"wpex-post-cards-entry col col-2 span_1_of_3 post-168 type-page\"><div class=\"wpex-card wpex-card-blog_10\"><div class=\"wpex-card-media wpex-mb-25 overlay-parent overlay-parent-1\"><div class=\"wpex-card-thumbnail wpex-relative\"><a href=\"https:\/\/visite-lyon.fr\/scolaires\/traboules-vieux-lyon\/\"><img width=\"1200\" height=\"799\" src=\"https:\/\/visite-lyon.fr\/scolaires\/wp-content\/uploads\/2020\/04\/Cybele-Vieux-Lyon-3-Patrick-Roy-e1619096788676.jpg\" class=\"wpex-align-middle\" alt=\"visite cont\u00e9e des traboules du Vieux-Lyon pour les scolaires\" loading=\"lazy\" decoding=\"async\" srcset=\"https:\/\/visite-lyon.fr\/scolaires\/wp-content\/uploads\/2020\/04\/Cybele-Vieux-Lyon-3-Patrick-Roy-e1619096788676.jpg 1200w, https:\/\/visite-lyon.fr\/scolaires\/wp-content\/uploads\/2020\/04\/Cybele-Vieux-Lyon-3-Patrick-Roy-e1619096788676-960x639.jpg 960w, https:\/\/visite-lyon.fr\/scolaires\/wp-content\/uploads\/2020\/04\/Cybele-Vieux-Lyon-3-Patrick-Roy-e1619096788676-676x450.jpg 676w, https:\/\/visite-lyon.fr\/scolaires\/wp-content\/uploads\/2020\/04\/Cybele-Vieux-Lyon-3-Patrick-Roy-e1619096788676-135x90.jpg 135w\" sizes=\"auto, (max-width: 1200px) 100vw, 1200px\" \/><\/a><\/div><\/div><h2 class=\"wpex-card-title wpex-heading wpex-text-xl wpex-mb-15\"><a href=\"https:\/\/visite-lyon.fr\/scolaires\/traboules-vieux-lyon\/\">Discorde dans l&rsquo;imprimerie<\/a><\/h2><\/div><\/div><div class=\"wpex-post-cards-entry col col-3 span_1_of_3 post-174 type-page\"><div class=\"wpex-card wpex-card-blog_10\"><div class=\"wpex-card-media wpex-mb-25 overlay-parent overlay-parent-1\"><div class=\"wpex-card-thumbnail wpex-relative\"><a href=\"https:\/\/visite-lyon.fr\/scolaires\/croix-rousse\/\"><img width=\"1000\" height=\"666\" src=\"https:\/\/visite-lyon.fr\/scolaires\/wp-content\/uploads\/2020\/04\/Cybele-CroixRousse-2-Patrick-Roy.jpg\" class=\"wpex-align-middle\" alt=\"D\u00e9couverte des pentes de la Croix-Rousse et des traboules\" loading=\"lazy\" decoding=\"async\" srcset=\"https:\/\/visite-lyon.fr\/scolaires\/wp-content\/uploads\/2020\/04\/Cybele-CroixRousse-2-Patrick-Roy.jpg 1000w, https:\/\/visite-lyon.fr\/scolaires\/wp-content\/uploads\/2020\/04\/Cybele-CroixRousse-2-Patrick-Roy-450x300.jpg 450w, https:\/\/visite-lyon.fr\/scolaires\/wp-content\/uploads\/2020\/04\/Cybele-CroixRousse-2-Patrick-Roy-768x511.jpg 768w, https:\/\/visite-lyon.fr\/scolaires\/wp-content\/uploads\/2020\/04\/Cybele-CroixRousse-2-Patrick-Roy-676x450.jpg 676w, https:\/\/visite-lyon.fr\/scolaires\/wp-content\/uploads\/2020\/04\/Cybele-CroixRousse-2-Patrick-Roy-135x90.jpg 135w\" sizes=\"auto, (max-width: 1000px) 100vw, 1000px\" \/><\/a><\/div><\/div><h2 class=\"wpex-card-title wpex-heading wpex-text-xl wpex-mb-15\"><a href=\"https:\/\/visite-lyon.fr\/scolaires\/croix-rousse\/\">Jir\u00f4me ou la r\u00e9volte d&rsquo;un canut<\/a><\/h2><\/div><\/div><div class=\"wpex-post-cards-entry col col-1 span_1_of_3 post-885 type-page\"><div class=\"wpex-card wpex-card-blog_10\"><div class=\"wpex-card-media wpex-mb-25 overlay-parent overlay-parent-1\"><div class=\"wpex-card-thumbnail wpex-relative\"><a href=\"https:\/\/visite-lyon.fr\/scolaires\/college-seconde-guerre-mondiale\/\"><img width=\"1600\" height=\"1068\" src=\"https:\/\/visite-lyon.fr\/scolaires\/wp-content\/uploads\/2020\/04\/Cybele-occupation-9-credits-charles-pietri.jpg\" class=\"wpex-align-middle\" alt=\"Visite cont\u00e9e : la r\u00e9sistance \u00e0 Lyon et la vie quotidienne des lyonnais\" loading=\"lazy\" decoding=\"async\" srcset=\"https:\/\/visite-lyon.fr\/scolaires\/wp-content\/uploads\/2020\/04\/Cybele-occupation-9-credits-charles-pietri.jpg 1600w, https:\/\/visite-lyon.fr\/scolaires\/wp-content\/uploads\/2020\/04\/Cybele-occupation-9-credits-charles-pietri-450x300.jpg 450w, https:\/\/visite-lyon.fr\/scolaires\/wp-content\/uploads\/2020\/04\/Cybele-occupation-9-credits-charles-pietri-960x641.jpg 960w, https:\/\/visite-lyon.fr\/scolaires\/wp-content\/uploads\/2020\/04\/Cybele-occupation-9-credits-charles-pietri-768x513.jpg 768w, https:\/\/visite-lyon.fr\/scolaires\/wp-content\/uploads\/2020\/04\/Cybele-occupation-9-credits-charles-pietri-1536x1025.jpg 1536w, https:\/\/visite-lyon.fr\/scolaires\/wp-content\/uploads\/2020\/04\/Cybele-occupation-9-credits-charles-pietri-674x450.jpg 674w, https:\/\/visite-lyon.fr\/scolaires\/wp-content\/uploads\/2020\/04\/Cybele-occupation-9-credits-charles-pietri-135x90.jpg 135w\" sizes=\"auto, (max-width: 1600px) 100vw, 1600px\" \/><\/a><\/div><\/div><h2 class=\"wpex-card-title wpex-heading wpex-text-xl wpex-mb-15\"><a href=\"https:\/\/visite-lyon.fr\/scolaires\/college-seconde-guerre-mondiale\/\">L&rsquo;attente &#8211; La vie \u00e0 Lyon sous l&rsquo;occupation<\/a><\/h2><\/div><\/div><div class=\"wpex-post-cards-entry col col-2 span_1_of_3 post-596 type-page\"><div class=\"wpex-card wpex-card-blog_10\"><div class=\"wpex-card-media wpex-mb-25 overlay-parent overlay-parent-1\"><div class=\"wpex-card-thumbnail wpex-relative\"><a href=\"https:\/\/visite-lyon.fr\/scolaires\/lycee-vieux-lyon\/\"><img width=\"1920\" height=\"1278\" src=\"https:\/\/visite-lyon.fr\/scolaires\/wp-content\/uploads\/2015\/01\/DSC_2289.jpg\" class=\"wpex-align-middle\" alt=\"visite guidee du Vieux-Lyon avec les scolaires\" loading=\"lazy\" decoding=\"async\" srcset=\"https:\/\/visite-lyon.fr\/scolaires\/wp-content\/uploads\/2015\/01\/DSC_2289.jpg 1920w, https:\/\/visite-lyon.fr\/scolaires\/wp-content\/uploads\/2015\/01\/DSC_2289-450x300.jpg 450w, https:\/\/visite-lyon.fr\/scolaires\/wp-content\/uploads\/2015\/01\/DSC_2289-676x450.jpg 676w, https:\/\/visite-lyon.fr\/scolaires\/wp-content\/uploads\/2015\/01\/DSC_2289-135x90.jpg 135w\" sizes=\"auto, (max-width: 1920px) 100vw, 1920px\" \/><\/a><\/div><\/div><h2 class=\"wpex-card-title wpex-heading wpex-text-xl wpex-mb-15\"><a href=\"https:\/\/visite-lyon.fr\/scolaires\/lycee-vieux-lyon\/\">Grande foire Royale !<\/a><\/h2><\/div><\/div><div class=\"wpex-post-cards-entry col col-3 span_1_of_3 post-1879 type-page\"><div class=\"wpex-card wpex-card-blog_10\"><div class=\"wpex-card-media wpex-mb-25 overlay-parent overlay-parent-1\"><div class=\"wpex-card-thumbnail wpex-relative\"><a href=\"https:\/\/visite-lyon.fr\/scolaires\/lyonnaises-inconnues\/\"><img width=\"1600\" height=\"1067\" src=\"https:\/\/visite-lyon.fr\/scolaires\/wp-content\/uploads\/2022\/06\/Visite-theatralisee-femmes-dans-lhistoire-01-credits-charles-pietri.jpg\" class=\"wpex-align-middle\" alt=\"Chroniques des Lyonnaises inconnues\" loading=\"lazy\" decoding=\"async\" srcset=\"https:\/\/visite-lyon.fr\/scolaires\/wp-content\/uploads\/2022\/06\/Visite-theatralisee-femmes-dans-lhistoire-01-credits-charles-pietri.jpg 1600w, https:\/\/visite-lyon.fr\/scolaires\/wp-content\/uploads\/2022\/06\/Visite-theatralisee-femmes-dans-lhistoire-01-credits-charles-pietri-450x300.jpg 450w, https:\/\/visite-lyon.fr\/scolaires\/wp-content\/uploads\/2022\/06\/Visite-theatralisee-femmes-dans-lhistoire-01-credits-charles-pietri-960x640.jpg 960w, https:\/\/visite-lyon.fr\/scolaires\/wp-content\/uploads\/2022\/06\/Visite-theatralisee-femmes-dans-lhistoire-01-credits-charles-pietri-768x512.jpg 768w, https:\/\/visite-lyon.fr\/scolaires\/wp-content\/uploads\/2022\/06\/Visite-theatralisee-femmes-dans-lhistoire-01-credits-charles-pietri-1536x1024.jpg 1536w\" sizes=\"auto, (max-width: 1600px) 100vw, 1600px\" \/><\/a><\/div><\/div><h2 class=\"wpex-card-title wpex-heading wpex-text-xl wpex-mb-15\"><a href=\"https:\/\/visite-lyon.fr\/scolaires\/lyonnaises-inconnues\/\">Chroniques des Lyonnaises inconnues<\/a><\/h2><\/div><\/div><\/div><\/div><\/div>[vc_column_text]\n<p style=\"text-align: justify;\">Nos visites cont\u00e9es de Lyon permettent aux \u00e9l\u00e8ves d&rsquo;\u00eatre embarqu\u00e9s\u00a0dans des histoires racontant les aventures de h\u00e9ros leur ressemblant. Le suspense, l&rsquo;\u00e9motion, la narration les emm\u00e8nent dans un autre univers. Un peu \u00e0 la mani\u00e8re des films historiques, nous distillons les connaissances historiques, architecturales, artistiques de fa\u00e7on d\u00e9licate, sans jamais les ass\u00e9ner.<\/p>\n<p style=\"text-align: justify;\">Nous travaillons pour cela avec des techniques de narration test\u00e9es et approuv\u00e9es par les studios de cin\u00e9ma du monde entier et avec des com\u00e9diens et conteurs professionnels qui nous forment en permanence. Nos \u00e9tudes et notre longue exp\u00e9rience de guides conf\u00e9renciers nous permet d&rsquo;\u00eatre parfaitement rigoureux sur nos sources historiques et la qualit\u00e9 des informations historiques que nous utilisons pour \u00e9crire ces visites cont\u00e9es.<\/p>\n<p style=\"text-align: justify;\">Apr\u00e8s de longs travaux autour du conte, de la narration et de toutes les nouvelles techniques de \u00ab\u00a0storytelling\u00a0\u00bb, nous sommes heureux de pouvoir emmener les \u00e9l\u00e8ves pendant 1h30 dans les quartiers de Lyon pour finalement les entendre nous demander s&rsquo;ils peuvent tourner un film avec notre histoire ! (Si, si !)<\/p>\n<p style=\"text-align: justify;\">Si vous ne nous croyez pas, venez tester, on vous invite avec plaisir ! <a href=\"http:\/\/visite-lyon.fr\/scolaires\/invitations-visites-enseignants\/\">Plus d&rsquo;informations ici<\/a>.<\/p>\n[\/vc_column_text]<div class=\"vcex-spacing wpex-w-100 wpex-clear\"><\/div><style>.vcex-button.vcex_6a070c4d508cc{font-size:16px;}<\/style><div class=\"theme-button-wrap textcenter wpex-clr\"><a href=\"https:\/\/visite-lyon.fr\/scolaires\/visites-contees-ludiques-de-lyon-pour-les-scolaires\/\" class=\"vcex-button theme-button align-center inline vcex_6a070c4d508cc\"><span class=\"vcex-button-inner theme-button-inner wpex-flex wpex-flex-wrap wpex-items-center wpex-justify-center\">Voir toutes les visites (tous niveaux)<\/span><\/a><\/div> [\/vc_column][\/vc_row]\n<\/div>","protected":false},"excerpt":{"rendered":"<p>[vc_row][vc_column][vc_column_text css=\u00a0\u00bb\u00a0\u00bb] Cliquez ici pour d\u00e9couvrir les visites adapt\u00e9es aux \u00e9l\u00e8ves de coll\u00e8ge. [\/vc_column_text][vc_column_text] Nos visites cont\u00e9es de Lyon permettent aux \u00e9l\u00e8ves d&rsquo;\u00eatre embarqu\u00e9s\u00a0dans des histoires racontant les aventures de h\u00e9ros leur ressemblant. Le suspense, l&rsquo;\u00e9motion, la narration les emm\u00e8nent dans un autre univers. Un peu \u00e0 la mani\u00e8re des films historiques, nous distillons les&hellip;<\/p>\n","protected":false},"author":1,"featured_media":0,"parent":0,"menu_order":0,"comment_status":"closed","ping_status":"closed","template":"","meta":{"footnotes":""},"class_list":["post-35","page","type-page","status-publish","hentry","entry","has-media"],"yoast_head":"<!-- This site is optimized with the Yoast SEO plugin v27.6 - https:\/\/yoast.com\/product\/yoast-seo-wordpress\/ -->\n<title>Visites insolites de Lyon adapt\u00e9es au lyc\u00e9ens<\/title>\n<meta name=\"description\" content=\"Des visites insolites de Lyon, th\u00e9\u00e2tralis\u00e9es et ludiques pour aborder l&#039;histoire lyonnaise avec les lyc\u00e9ens. Vieux-Lyon, Croix-Rousse, Fourvi\u00e8re, etc.\" \/>\n<meta name=\"robots\" content=\"index, follow, max-snippet:-1, max-image-preview:large, max-video-preview:-1\" \/>\n<link rel=\"canonical\" href=\"https:\/\/visite-lyon.fr\/scolaires\/lycees\/\" \/>\n<meta property=\"og:locale\" content=\"fr_FR\" \/>\n<meta property=\"og:type\" content=\"article\" \/>\n<meta property=\"og:title\" content=\"Visites insolites de Lyon adapt\u00e9es au lyc\u00e9ens\" \/>\n<meta property=\"og:description\" content=\"Des visites insolites de Lyon, th\u00e9\u00e2tralis\u00e9es et ludiques pour aborder l&#039;histoire lyonnaise avec les lyc\u00e9ens. Vieux-Lyon, Croix-Rousse, Fourvi\u00e8re, etc.\" \/>\n<meta property=\"og:url\" content=\"https:\/\/visite-lyon.fr\/scolaires\/lycees\/\" \/>\n<meta property=\"og:site_name\" content=\"Visites cont\u00e9es de Lyon - Cyb\u00e8le\" \/>\n<meta property=\"article:publisher\" content=\"https:\/\/www.facebook.com\/sortiescolairelyon\/\" \/>\n<meta property=\"article:modified_time\" content=\"2024-11-05T12:07:24+00:00\" \/>\n<meta name=\"twitter:label1\" content=\"Dur\u00e9e de lecture estim\u00e9e\" \/>\n\t<meta name=\"twitter:data1\" content=\"2 minutes\" \/>\n<script type=\"application\/ld+json\" class=\"yoast-schema-graph\">{\"@context\":\"https:\\\/\\\/schema.org\",\"@graph\":[{\"@type\":\"WebPage\",\"@id\":\"https:\\\/\\\/visite-lyon.fr\\\/scolaires\\\/lycees\\\/\",\"url\":\"https:\\\/\\\/visite-lyon.fr\\\/scolaires\\\/lycees\\\/\",\"name\":\"Visites insolites de Lyon adapt\u00e9es au lyc\u00e9ens\",\"isPartOf\":{\"@id\":\"https:\\\/\\\/visite-lyon.fr\\\/scolaires\\\/#website\"},\"datePublished\":\"2015-01-12T14:30:24+00:00\",\"dateModified\":\"2024-11-05T12:07:24+00:00\",\"description\":\"Des visites insolites de Lyon, th\u00e9\u00e2tralis\u00e9es et ludiques pour aborder l'histoire lyonnaise avec les lyc\u00e9ens. Vieux-Lyon, Croix-Rousse, Fourvi\u00e8re, etc.\",\"breadcrumb\":{\"@id\":\"https:\\\/\\\/visite-lyon.fr\\\/scolaires\\\/lycees\\\/#breadcrumb\"},\"inLanguage\":\"fr-FR\",\"potentialAction\":[{\"@type\":\"ReadAction\",\"target\":[\"https:\\\/\\\/visite-lyon.fr\\\/scolaires\\\/lycees\\\/\"]}]},{\"@type\":\"BreadcrumbList\",\"@id\":\"https:\\\/\\\/visite-lyon.fr\\\/scolaires\\\/lycees\\\/#breadcrumb\",\"itemListElement\":[{\"@type\":\"ListItem\",\"position\":1,\"name\":\"Accueil\",\"item\":\"https:\\\/\\\/visite-lyon.fr\\\/scolaires\\\/\"},{\"@type\":\"ListItem\",\"position\":2,\"name\":\"Lyc\u00e9es\"}]},{\"@type\":\"WebSite\",\"@id\":\"https:\\\/\\\/visite-lyon.fr\\\/scolaires\\\/#website\",\"url\":\"https:\\\/\\\/visite-lyon.fr\\\/scolaires\\\/\",\"name\":\"Visites cont\u00e9es de Lyon - Cyb\u00e8le\",\"description\":\"Quand Cyb\u00e8le raconte Lyon, vos enfants voyagent dans le temps.\",\"publisher\":{\"@id\":\"https:\\\/\\\/visite-lyon.fr\\\/scolaires\\\/#organization\"},\"potentialAction\":[{\"@type\":\"SearchAction\",\"target\":{\"@type\":\"EntryPoint\",\"urlTemplate\":\"https:\\\/\\\/visite-lyon.fr\\\/scolaires\\\/?s={search_term_string}\"},\"query-input\":{\"@type\":\"PropertyValueSpecification\",\"valueRequired\":true,\"valueName\":\"search_term_string\"}}],\"inLanguage\":\"fr-FR\"},{\"@type\":\"Organization\",\"@id\":\"https:\\\/\\\/visite-lyon.fr\\\/scolaires\\\/#organization\",\"name\":\"Cyb\u00e8le\",\"url\":\"https:\\\/\\\/visite-lyon.fr\\\/scolaires\\\/\",\"logo\":{\"@type\":\"ImageObject\",\"inLanguage\":\"fr-FR\",\"@id\":\"https:\\\/\\\/visite-lyon.fr\\\/scolaires\\\/#\\\/schema\\\/logo\\\/image\\\/\",\"url\":\"https:\\\/\\\/visite-lyon.fr\\\/scolaires\\\/wp-content\\\/uploads\\\/2015\\\/01\\\/logo-cybele.png\",\"contentUrl\":\"https:\\\/\\\/visite-lyon.fr\\\/scolaires\\\/wp-content\\\/uploads\\\/2015\\\/01\\\/logo-cybele.png\",\"width\":269,\"height\":100,\"caption\":\"Cyb\u00e8le\"},\"image\":{\"@id\":\"https:\\\/\\\/visite-lyon.fr\\\/scolaires\\\/#\\\/schema\\\/logo\\\/image\\\/\"},\"sameAs\":[\"https:\\\/\\\/www.facebook.com\\\/sortiescolairelyon\\\/\",\"https:\\\/\\\/x.com\\\/Cybele_arts\",\"http:\\\/\\\/cybelearts\"]}]}<\/script>\n<!-- \/ Yoast SEO plugin. -->","yoast_head_json":{"title":"Visites insolites de Lyon adapt\u00e9es au lyc\u00e9ens","description":"Des visites insolites de Lyon, th\u00e9\u00e2tralis\u00e9es et ludiques pour aborder l'histoire lyonnaise avec les lyc\u00e9ens. Vieux-Lyon, Croix-Rousse, Fourvi\u00e8re, etc.","robots":{"index":"index","follow":"follow","max-snippet":"max-snippet:-1","max-image-preview":"max-image-preview:large","max-video-preview":"max-video-preview:-1"},"canonical":"https:\/\/visite-lyon.fr\/scolaires\/lycees\/","og_locale":"fr_FR","og_type":"article","og_title":"Visites insolites de Lyon adapt\u00e9es au lyc\u00e9ens","og_description":"Des visites insolites de Lyon, th\u00e9\u00e2tralis\u00e9es et ludiques pour aborder l'histoire lyonnaise avec les lyc\u00e9ens. Vieux-Lyon, Croix-Rousse, Fourvi\u00e8re, etc.","og_url":"https:\/\/visite-lyon.fr\/scolaires\/lycees\/","og_site_name":"Visites cont\u00e9es de Lyon - Cyb\u00e8le","article_publisher":"https:\/\/www.facebook.com\/sortiescolairelyon\/","article_modified_time":"2024-11-05T12:07:24+00:00","twitter_misc":{"Dur\u00e9e de lecture estim\u00e9e":"2 minutes"},"schema":{"@context":"https:\/\/schema.org","@graph":[{"@type":"WebPage","@id":"https:\/\/visite-lyon.fr\/scolaires\/lycees\/","url":"https:\/\/visite-lyon.fr\/scolaires\/lycees\/","name":"Visites insolites de Lyon adapt\u00e9es au lyc\u00e9ens","isPartOf":{"@id":"https:\/\/visite-lyon.fr\/scolaires\/#website"},"datePublished":"2015-01-12T14:30:24+00:00","dateModified":"2024-11-05T12:07:24+00:00","description":"Des visites insolites de Lyon, th\u00e9\u00e2tralis\u00e9es et ludiques pour aborder l'histoire lyonnaise avec les lyc\u00e9ens. Vieux-Lyon, Croix-Rousse, Fourvi\u00e8re, etc.","breadcrumb":{"@id":"https:\/\/visite-lyon.fr\/scolaires\/lycees\/#breadcrumb"},"inLanguage":"fr-FR","potentialAction":[{"@type":"ReadAction","target":["https:\/\/visite-lyon.fr\/scolaires\/lycees\/"]}]},{"@type":"BreadcrumbList","@id":"https:\/\/visite-lyon.fr\/scolaires\/lycees\/#breadcrumb","itemListElement":[{"@type":"ListItem","position":1,"name":"Accueil","item":"https:\/\/visite-lyon.fr\/scolaires\/"},{"@type":"ListItem","position":2,"name":"Lyc\u00e9es"}]},{"@type":"WebSite","@id":"https:\/\/visite-lyon.fr\/scolaires\/#website","url":"https:\/\/visite-lyon.fr\/scolaires\/","name":"Visites cont\u00e9es de Lyon - Cyb\u00e8le","description":"Quand Cyb\u00e8le raconte Lyon, vos enfants voyagent dans le temps.","publisher":{"@id":"https:\/\/visite-lyon.fr\/scolaires\/#organization"},"potentialAction":[{"@type":"SearchAction","target":{"@type":"EntryPoint","urlTemplate":"https:\/\/visite-lyon.fr\/scolaires\/?s={search_term_string}"},"query-input":{"@type":"PropertyValueSpecification","valueRequired":true,"valueName":"search_term_string"}}],"inLanguage":"fr-FR"},{"@type":"Organization","@id":"https:\/\/visite-lyon.fr\/scolaires\/#organization","name":"Cyb\u00e8le","url":"https:\/\/visite-lyon.fr\/scolaires\/","logo":{"@type":"ImageObject","inLanguage":"fr-FR","@id":"https:\/\/visite-lyon.fr\/scolaires\/#\/schema\/logo\/image\/","url":"https:\/\/visite-lyon.fr\/scolaires\/wp-content\/uploads\/2015\/01\/logo-cybele.png","contentUrl":"https:\/\/visite-lyon.fr\/scolaires\/wp-content\/uploads\/2015\/01\/logo-cybele.png","width":269,"height":100,"caption":"Cyb\u00e8le"},"image":{"@id":"https:\/\/visite-lyon.fr\/scolaires\/#\/schema\/logo\/image\/"},"sameAs":["https:\/\/www.facebook.com\/sortiescolairelyon\/","https:\/\/x.com\/Cybele_arts","http:\/\/cybelearts"]}]}},"_links":{"self":[{"href":"https:\/\/visite-lyon.fr\/scolaires\/wp-json\/wp\/v2\/pages\/35","targetHints":{"allow":["GET"]}}],"collection":[{"href":"https:\/\/visite-lyon.fr\/scolaires\/wp-json\/wp\/v2\/pages"}],"about":[{"href":"https:\/\/visite-lyon.fr\/scolaires\/wp-json\/wp\/v2\/types\/page"}],"author":[{"embeddable":true,"href":"https:\/\/visite-lyon.fr\/scolaires\/wp-json\/wp\/v2\/users\/1"}],"replies":[{"embeddable":true,"href":"https:\/\/visite-lyon.fr\/scolaires\/wp-json\/wp\/v2\/comments?post=35"}],"version-history":[{"count":31,"href":"https:\/\/visite-lyon.fr\/scolaires\/wp-json\/wp\/v2\/pages\/35\/revisions"}],"predecessor-version":[{"id":2268,"href":"https:\/\/visite-lyon.fr\/scolaires\/wp-json\/wp\/v2\/pages\/35\/revisions\/2268"}],"wp:attachment":[{"href":"https:\/\/visite-lyon.fr\/scolaires\/wp-json\/wp\/v2\/media?parent=35"}],"curies":[{"name":"wp","href":"https:\/\/api.w.org\/{rel}","templated":true}]}}