{"id":38,"date":"2015-01-12T14:30:50","date_gmt":"2015-01-12T14:30:50","guid":{"rendered":"http:\/\/visite-lyon.fr\/scolaires\/?page_id=38"},"modified":"2024-07-09T09:33:47","modified_gmt":"2024-07-09T08:33:47","slug":"qui-sommes-nous","status":"publish","type":"page","link":"https:\/\/visite-lyon.fr\/scolaires\/qui-sommes-nous\/","title":{"rendered":"Qui sommes nous ?"},"content":{"rendered":"<div class=\"wpb-content-wrapper\">[vc_row][vc_column width=\u00a0\u00bb1\/2&Prime;][vc_column_text]\n<h3 style=\"text-align: left;\">Les humains ont besoin de se raconter des histoires.<\/h3>\n<p style=\"text-align: left;\">Les mythes, les contes, aujourd\u2019hui le cin\u00e9ma et les s\u00e9ries t\u00e9l\u00e9.<\/p>\n<p style=\"text-align: left;\">Nous croyons qu\u2019une sortie scolaire doit proposer aux enfants <span style=\"color: #382998;\"><strong>une exp\u00e9rience forte \u00e0 vivre<\/strong><\/span>, pour qu\u2019ils <span style=\"color: #382998;\"><strong>\u00e9veillent leur imaginaire<\/strong><\/span>. Nous racontons une p\u00e9riode historique, \u00e0 travers les aventures d\u2019un h\u00e9ros auquel ils s\u2019identifient, pour leur <span style=\"color: #382998;\"><strong>transmettre un contenu p\u00e9dagogique de fa\u00e7on vivante<\/strong><\/span>.<\/p>\n<p style=\"text-align: left;\">Nous abordons ainsi les <span style=\"color: #382998;\"><strong>programmes d\u2019histoire et d\u2019histoire des arts<\/strong><\/span> de tous les niveaux, de la maternelle au coll\u00e8ge, gr\u00e2ce \u00e0 des contes de notre cru qui prennent vie dans le riche patrimoine lyonnais.<\/p>\n<p style=\"text-align: left;\">\u2026en r\u00e9alit\u00e9, on vous avoue : on fait \u00e7a surtout parce que nous sommes rest\u00e9s de grands enfants et qu\u2019on adore les histoires !<\/p>\n[\/vc_column_text][\/vc_column][vc_column width=\u00a0\u00bb1\/2&Prime;][vc_column_text]\n<h3 style=\"text-align: left;\">Concr\u00e8tement, \u00e7a se passe comment ?<\/h3>\n<p style=\"text-align: left;\">Vous \u00eates enseignant et vous souhaitez venir faire une visite Cyb\u00e8le avec votre classe ? C\u2019est tr\u00e8s simple.<\/p>\n<p style=\"text-align: left;\">Nous commen\u00e7ons par choisir ensemble la date, le quartier, et la visite la plus adapt\u00e9e \u00e0 votre classe. Ensuite, si vous en avez besoin, nous pouvons <span style=\"color: #382998;\"><strong>vous aider \u00e0\u00a0organiser votre sortie<\/strong><\/span> \u00e0 Lyon.<\/p>\n<p style=\"text-align: left;\">Nous vous envoyons un <span style=\"color: #382998;\"><strong>dossier p\u00e9dagogique<\/strong>\u00a0<strong>gratuit<\/strong><\/span> comprenant des pr\u00e9-requis que vous pouvez, si vous le souhaitez, travailler en classe. Le jour de la visite, on esp\u00e8re que vous en profiterez autant que vos \u00e9l\u00e8ves\u2026 (c\u2019est le cas de tous les enseignants venus jusque l\u00e0 !)<\/p>\n<p style=\"text-align: left;\">Apr\u00e8s la visite, nous vous enverrons quelques <span style=\"color: #382998;\"><strong>activit\u00e9s en lien avec la visite<\/strong><\/span> \u00e0 proposer \u00e0 vos \u00e9l\u00e8ves si vous le souhaitez. Plut\u00f4t simple non ?<\/p>\n[\/vc_column_text][\/vc_column][\/vc_row][vc_row][vc_column][vc_column_text css=\u00a0\u00bb\u00a0\u00bb]\n<h3 style=\"text-align: center;\">L&rsquo;\u00e9quipe Cyb\u00e8le :<\/h3>\n[\/vc_column_text]<div class=\"vcex-spacing wpex-w-100 wpex-clear\" style=\"height:15px;\"><\/div><figure class=\"vcex-image vcex-module\"><div class=\"vcex-image-inner wpex-relative wpex-inline-block\"><img width=\"1600\" height=\"710\" src=\"https:\/\/visite-lyon.fr\/scolaires\/wp-content\/uploads\/2024\/07\/equipe-cybele-2024.jpg\" class=\"vcex-image-img wpex-align-middle\" alt=\"\" loading=\"lazy\" decoding=\"async\" srcset=\"https:\/\/visite-lyon.fr\/scolaires\/wp-content\/uploads\/2024\/07\/equipe-cybele-2024.jpg 1600w, https:\/\/visite-lyon.fr\/scolaires\/wp-content\/uploads\/2024\/07\/equipe-cybele-2024-450x200.jpg 450w, https:\/\/visite-lyon.fr\/scolaires\/wp-content\/uploads\/2024\/07\/equipe-cybele-2024-960x426.jpg 960w, https:\/\/visite-lyon.fr\/scolaires\/wp-content\/uploads\/2024\/07\/equipe-cybele-2024-768x341.jpg 768w, https:\/\/visite-lyon.fr\/scolaires\/wp-content\/uploads\/2024\/07\/equipe-cybele-2024-1536x682.jpg 1536w\" sizes=\"auto, (max-width: 1600px) 100vw, 1600px\" \/><\/div><\/figure><div class=\"vcex-spacing wpex-w-100 wpex-clear\" style=\"height:15px;\"><\/div>[vc_column_text css=\u00a0\u00bb\u00a0\u00bb]\n<p style=\"text-align: center;\">Alexandre, Olivier, Lucille, Chlo\u00e9, Cl\u00e9mence.<\/p>\n[\/vc_column_text]<div class=\"vcex-spacing wpex-w-100 wpex-clear\" style=\"height:15px;\"><\/div>[vc_column_text css=\u00a0\u00bb\u00a0\u00bb]\n<h3 style=\"text-align: center;\"><del>Les filles et fils de profs.<\/del> Les fondateur\u00b7trices :<\/h3>\n[\/vc_column_text][\/vc_column][\/vc_row][vc_row][vc_column width=\u00a0\u00bb1\/3&Prime;][vc_single_image image=\u00a0\u00bb1432&Prime;][vc_column_text css=\u00a0\u00bb\u00a0\u00bb]\n<h4>Cl\u00e9mence<\/h4>\n<p>Je suis dipl\u00f4m\u00e9e d\u2019histoire de l\u2019art, guide conf\u00e9renci\u00e8re et fille d&rsquo;une super maitresse de CM2.<br \/>\nJe suis passionn\u00e9e d\u2019art roman, de musique de toutes \u00e9poques, de cuisine, mais surtout, j&rsquo;adore raconter des histoires ![\/vc_column_text][\/vc_column][vc_column width=\u00a0\u00bb1\/3&Prime;][vc_single_image image=\u00a0\u00bb1433&Prime;][vc_column_text]\n<h4>Lucille<\/h4>\n<p>Musicienne et guide conf\u00e9renci\u00e8re, j\u2019aime l\u2019histoire de l\u2019art, l\u2019architecture,\u2026 et surtout les histoires ! Fille d&rsquo;une documentaliste et d&rsquo;un instituteur-chanteur, j&rsquo;aime transmettre la musique, le th\u00e9\u00e2tre et l&rsquo;histoire des lieux, des quartiers et des gens&#8230;[\/vc_column_text][\/vc_column][vc_column width=\u00a0\u00bb1\/3&Prime;][vc_single_image image=\u00a0\u00bb1431&Prime;][vc_column_text]\n<h4>Olivier<\/h4>\n<p>Je suis dipl\u00f4m\u00e9 de l&rsquo;ENSATT o\u00f9 je me suis form\u00e9 en histoire du th\u00e9\u00e2tre et en gestion de projets culturels.<br \/>\nJe suis fils d&rsquo;une professeur de litt\u00e9rature, fan absolu de Louis de Fun\u00e8s, et l\u2019art du spectateur curieux et critique est ma passion.[\/vc_column_text][\/vc_column][\/vc_row][vc_row][vc_column][vc_raw_html]JTNDaWZyYW1lJTIwZGF0YS13LXR5cGUlM0QlMjJlbWJlZGRlZCUyMiUyMGZyYW1lYm9yZGVyJTNEJTIyMCUyMiUyMHNjcm9sbGluZyUzRCUyMm5vJTIyJTIwbWFyZ2luaGVpZ2h0JTNEJTIyMCUyMiUyMG1hcmdpbndpZHRoJTNEJTIyMCUyMiUyMHNyYyUzRCUyMmh0dHBzJTNBJTJGJTJGeHYyaC5tai5hbSUyRndndCUyRnh2MmglMkZzZ3UlMkZmb3JtJTNGYyUzRDg1ZDIxN2MyJTIyJTIwd2lkdGglM0QlMjIxMDAlMjUlMjIlM0UlM0MlMkZpZnJhbWUlM0UlMEElMEElM0NzY3JpcHQlMjB0eXBlJTNEJTIydGV4dCUyRmphdmFzY3JpcHQlMjIlMjBzcmMlM0QlMjJodHRwcyUzQSUyRiUyRmFwcC5tYWlsamV0LmNvbSUyRnBhcy1uYy1lbWJlZGRlZC12MS5qcyUyMiUzRSUzQyUyRnNjcmlwdCUzRQ==[\/vc_raw_html][\/vc_column][\/vc_row]\n<\/div>","protected":false},"excerpt":{"rendered":"<p>[vc_row][vc_column width=\u00a0\u00bb1\/2&Prime;][vc_column_text] Les humains ont besoin de se raconter des histoires. Les mythes, les contes, aujourd\u2019hui le cin\u00e9ma et les s\u00e9ries t\u00e9l\u00e9. Nous croyons qu\u2019une sortie scolaire doit proposer aux enfants une exp\u00e9rience forte \u00e0 vivre, pour qu\u2019ils \u00e9veillent leur imaginaire. Nous racontons une p\u00e9riode historique, \u00e0 travers les aventures d\u2019un h\u00e9ros auquel ils s\u2019identifient,&hellip;<\/p>\n","protected":false},"author":1,"featured_media":0,"parent":0,"menu_order":0,"comment_status":"closed","ping_status":"closed","template":"","meta":{"footnotes":""},"class_list":["post-38","page","type-page","status-publish","hentry","entry","no-media"],"yoast_head":"<!-- This site is optimized with the Yoast SEO plugin v27.4 - https:\/\/yoast.com\/product\/yoast-seo-wordpress\/ -->\n<title>Qui sommes nous ? - Visites cont\u00e9es de Lyon - Cyb\u00e8le<\/title>\n<meta name=\"robots\" content=\"index, follow, max-snippet:-1, max-image-preview:large, max-video-preview:-1\" \/>\n<link rel=\"canonical\" href=\"https:\/\/visite-lyon.fr\/scolaires\/qui-sommes-nous\/\" \/>\n<meta property=\"og:locale\" content=\"fr_FR\" \/>\n<meta property=\"og:type\" content=\"article\" \/>\n<meta property=\"og:title\" content=\"Qui sommes nous ? - Visites cont\u00e9es de Lyon - Cyb\u00e8le\" \/>\n<meta property=\"og:description\" content=\"[vc_row][vc_column width=\u00a0\u00bb1\/2&Prime;][vc_column_text] Les humains ont besoin de se raconter des histoires. Les mythes, les contes, aujourd\u2019hui le cin\u00e9ma et les s\u00e9ries t\u00e9l\u00e9. Nous croyons qu\u2019une sortie scolaire doit proposer aux enfants une exp\u00e9rience forte \u00e0 vivre, pour qu\u2019ils \u00e9veillent leur imaginaire. Nous racontons une p\u00e9riode historique, \u00e0 travers les aventures d\u2019un h\u00e9ros auquel ils s\u2019identifient,&hellip;\" \/>\n<meta property=\"og:url\" content=\"https:\/\/visite-lyon.fr\/scolaires\/qui-sommes-nous\/\" \/>\n<meta property=\"og:site_name\" content=\"Visites cont\u00e9es de Lyon - Cyb\u00e8le\" \/>\n<meta property=\"article:publisher\" content=\"https:\/\/www.facebook.com\/sortiescolairelyon\/\" \/>\n<meta property=\"article:modified_time\" content=\"2024-07-09T08:33:47+00:00\" \/>\n<meta name=\"twitter:label1\" content=\"Dur\u00e9e de lecture estim\u00e9e\" \/>\n\t<meta name=\"twitter:data1\" content=\"3 minutes\" \/>\n<script type=\"application\/ld+json\" class=\"yoast-schema-graph\">{\"@context\":\"https:\\\/\\\/schema.org\",\"@graph\":[{\"@type\":\"WebPage\",\"@id\":\"https:\\\/\\\/visite-lyon.fr\\\/scolaires\\\/qui-sommes-nous\\\/\",\"url\":\"https:\\\/\\\/visite-lyon.fr\\\/scolaires\\\/qui-sommes-nous\\\/\",\"name\":\"Qui sommes nous ? - Visites cont\u00e9es de Lyon - Cyb\u00e8le\",\"isPartOf\":{\"@id\":\"https:\\\/\\\/visite-lyon.fr\\\/scolaires\\\/#website\"},\"datePublished\":\"2015-01-12T14:30:50+00:00\",\"dateModified\":\"2024-07-09T08:33:47+00:00\",\"breadcrumb\":{\"@id\":\"https:\\\/\\\/visite-lyon.fr\\\/scolaires\\\/qui-sommes-nous\\\/#breadcrumb\"},\"inLanguage\":\"fr-FR\",\"potentialAction\":[{\"@type\":\"ReadAction\",\"target\":[\"https:\\\/\\\/visite-lyon.fr\\\/scolaires\\\/qui-sommes-nous\\\/\"]}]},{\"@type\":\"BreadcrumbList\",\"@id\":\"https:\\\/\\\/visite-lyon.fr\\\/scolaires\\\/qui-sommes-nous\\\/#breadcrumb\",\"itemListElement\":[{\"@type\":\"ListItem\",\"position\":1,\"name\":\"Accueil\",\"item\":\"https:\\\/\\\/visite-lyon.fr\\\/scolaires\\\/\"},{\"@type\":\"ListItem\",\"position\":2,\"name\":\"Qui sommes nous ?\"}]},{\"@type\":\"WebSite\",\"@id\":\"https:\\\/\\\/visite-lyon.fr\\\/scolaires\\\/#website\",\"url\":\"https:\\\/\\\/visite-lyon.fr\\\/scolaires\\\/\",\"name\":\"Visites cont\u00e9es de Lyon - Cyb\u00e8le\",\"description\":\"Quand Cyb\u00e8le raconte Lyon, vos enfants voyagent dans le temps.\",\"publisher\":{\"@id\":\"https:\\\/\\\/visite-lyon.fr\\\/scolaires\\\/#organization\"},\"potentialAction\":[{\"@type\":\"SearchAction\",\"target\":{\"@type\":\"EntryPoint\",\"urlTemplate\":\"https:\\\/\\\/visite-lyon.fr\\\/scolaires\\\/?s={search_term_string}\"},\"query-input\":{\"@type\":\"PropertyValueSpecification\",\"valueRequired\":true,\"valueName\":\"search_term_string\"}}],\"inLanguage\":\"fr-FR\"},{\"@type\":\"Organization\",\"@id\":\"https:\\\/\\\/visite-lyon.fr\\\/scolaires\\\/#organization\",\"name\":\"Cyb\u00e8le\",\"url\":\"https:\\\/\\\/visite-lyon.fr\\\/scolaires\\\/\",\"logo\":{\"@type\":\"ImageObject\",\"inLanguage\":\"fr-FR\",\"@id\":\"https:\\\/\\\/visite-lyon.fr\\\/scolaires\\\/#\\\/schema\\\/logo\\\/image\\\/\",\"url\":\"https:\\\/\\\/visite-lyon.fr\\\/scolaires\\\/wp-content\\\/uploads\\\/2015\\\/01\\\/logo-cybele.png\",\"contentUrl\":\"https:\\\/\\\/visite-lyon.fr\\\/scolaires\\\/wp-content\\\/uploads\\\/2015\\\/01\\\/logo-cybele.png\",\"width\":269,\"height\":100,\"caption\":\"Cyb\u00e8le\"},\"image\":{\"@id\":\"https:\\\/\\\/visite-lyon.fr\\\/scolaires\\\/#\\\/schema\\\/logo\\\/image\\\/\"},\"sameAs\":[\"https:\\\/\\\/www.facebook.com\\\/sortiescolairelyon\\\/\",\"https:\\\/\\\/x.com\\\/Cybele_arts\",\"http:\\\/\\\/cybelearts\"]}]}<\/script>\n<!-- \/ Yoast SEO plugin. -->","yoast_head_json":{"title":"Qui sommes nous ? - Visites cont\u00e9es de Lyon - Cyb\u00e8le","robots":{"index":"index","follow":"follow","max-snippet":"max-snippet:-1","max-image-preview":"max-image-preview:large","max-video-preview":"max-video-preview:-1"},"canonical":"https:\/\/visite-lyon.fr\/scolaires\/qui-sommes-nous\/","og_locale":"fr_FR","og_type":"article","og_title":"Qui sommes nous ? - Visites cont\u00e9es de Lyon - Cyb\u00e8le","og_description":"[vc_row][vc_column width=\u00a0\u00bb1\/2&Prime;][vc_column_text] Les humains ont besoin de se raconter des histoires. Les mythes, les contes, aujourd\u2019hui le cin\u00e9ma et les s\u00e9ries t\u00e9l\u00e9. Nous croyons qu\u2019une sortie scolaire doit proposer aux enfants une exp\u00e9rience forte \u00e0 vivre, pour qu\u2019ils \u00e9veillent leur imaginaire. Nous racontons une p\u00e9riode historique, \u00e0 travers les aventures d\u2019un h\u00e9ros auquel ils s\u2019identifient,&hellip;","og_url":"https:\/\/visite-lyon.fr\/scolaires\/qui-sommes-nous\/","og_site_name":"Visites cont\u00e9es de Lyon - Cyb\u00e8le","article_publisher":"https:\/\/www.facebook.com\/sortiescolairelyon\/","article_modified_time":"2024-07-09T08:33:47+00:00","twitter_misc":{"Dur\u00e9e de lecture estim\u00e9e":"3 minutes"},"schema":{"@context":"https:\/\/schema.org","@graph":[{"@type":"WebPage","@id":"https:\/\/visite-lyon.fr\/scolaires\/qui-sommes-nous\/","url":"https:\/\/visite-lyon.fr\/scolaires\/qui-sommes-nous\/","name":"Qui sommes nous ? - Visites cont\u00e9es de Lyon - Cyb\u00e8le","isPartOf":{"@id":"https:\/\/visite-lyon.fr\/scolaires\/#website"},"datePublished":"2015-01-12T14:30:50+00:00","dateModified":"2024-07-09T08:33:47+00:00","breadcrumb":{"@id":"https:\/\/visite-lyon.fr\/scolaires\/qui-sommes-nous\/#breadcrumb"},"inLanguage":"fr-FR","potentialAction":[{"@type":"ReadAction","target":["https:\/\/visite-lyon.fr\/scolaires\/qui-sommes-nous\/"]}]},{"@type":"BreadcrumbList","@id":"https:\/\/visite-lyon.fr\/scolaires\/qui-sommes-nous\/#breadcrumb","itemListElement":[{"@type":"ListItem","position":1,"name":"Accueil","item":"https:\/\/visite-lyon.fr\/scolaires\/"},{"@type":"ListItem","position":2,"name":"Qui sommes nous ?"}]},{"@type":"WebSite","@id":"https:\/\/visite-lyon.fr\/scolaires\/#website","url":"https:\/\/visite-lyon.fr\/scolaires\/","name":"Visites cont\u00e9es de Lyon - Cyb\u00e8le","description":"Quand Cyb\u00e8le raconte Lyon, vos enfants voyagent dans le temps.","publisher":{"@id":"https:\/\/visite-lyon.fr\/scolaires\/#organization"},"potentialAction":[{"@type":"SearchAction","target":{"@type":"EntryPoint","urlTemplate":"https:\/\/visite-lyon.fr\/scolaires\/?s={search_term_string}"},"query-input":{"@type":"PropertyValueSpecification","valueRequired":true,"valueName":"search_term_string"}}],"inLanguage":"fr-FR"},{"@type":"Organization","@id":"https:\/\/visite-lyon.fr\/scolaires\/#organization","name":"Cyb\u00e8le","url":"https:\/\/visite-lyon.fr\/scolaires\/","logo":{"@type":"ImageObject","inLanguage":"fr-FR","@id":"https:\/\/visite-lyon.fr\/scolaires\/#\/schema\/logo\/image\/","url":"https:\/\/visite-lyon.fr\/scolaires\/wp-content\/uploads\/2015\/01\/logo-cybele.png","contentUrl":"https:\/\/visite-lyon.fr\/scolaires\/wp-content\/uploads\/2015\/01\/logo-cybele.png","width":269,"height":100,"caption":"Cyb\u00e8le"},"image":{"@id":"https:\/\/visite-lyon.fr\/scolaires\/#\/schema\/logo\/image\/"},"sameAs":["https:\/\/www.facebook.com\/sortiescolairelyon\/","https:\/\/x.com\/Cybele_arts","http:\/\/cybelearts"]}]}},"_links":{"self":[{"href":"https:\/\/visite-lyon.fr\/scolaires\/wp-json\/wp\/v2\/pages\/38","targetHints":{"allow":["GET"]}}],"collection":[{"href":"https:\/\/visite-lyon.fr\/scolaires\/wp-json\/wp\/v2\/pages"}],"about":[{"href":"https:\/\/visite-lyon.fr\/scolaires\/wp-json\/wp\/v2\/types\/page"}],"author":[{"embeddable":true,"href":"https:\/\/visite-lyon.fr\/scolaires\/wp-json\/wp\/v2\/users\/1"}],"replies":[{"embeddable":true,"href":"https:\/\/visite-lyon.fr\/scolaires\/wp-json\/wp\/v2\/comments?post=38"}],"version-history":[{"count":25,"href":"https:\/\/visite-lyon.fr\/scolaires\/wp-json\/wp\/v2\/pages\/38\/revisions"}],"predecessor-version":[{"id":2212,"href":"https:\/\/visite-lyon.fr\/scolaires\/wp-json\/wp\/v2\/pages\/38\/revisions\/2212"}],"wp:attachment":[{"href":"https:\/\/visite-lyon.fr\/scolaires\/wp-json\/wp\/v2\/media?parent=38"}],"curies":[{"name":"wp","href":"https:\/\/api.w.org\/{rel}","templated":true}]}}