{"id":415,"date":"2016-10-07T12:55:32","date_gmt":"2016-10-07T12:55:32","guid":{"rendered":"http:\/\/visite-lyon.fr\/scolaires\/?page_id=415"},"modified":"2026-03-27T12:20:16","modified_gmt":"2026-03-27T11:20:16","slug":"demander-un-devis","status":"publish","type":"page","link":"https:\/\/visite-lyon.fr\/scolaires\/demander-un-devis\/","title":{"rendered":"Demander un devis &#8211; Tous nos tarifs"},"content":{"rendered":"<div class=\"wpb-content-wrapper\">[vc_row][vc_column][vc_row_inner][vc_column_inner width=\u00a0\u00bb1\/2&Prime;][vc_column_text css=\u00a0\u00bb\u00a0\u00bb]\n<h3 style=\"text-align: center;\">Tarif Basse Saison<strong><br \/>\n<\/strong><\/h3>\n<p style=\"text-align: center;\">Du 1er sept 2025 au 27 mars 2026<\/p>\n<p style=\"text-align: center;\">20 \u00e9l\u00e8ves et plus : <span style=\"color: #382998;\"><strong>10\u20ac\/\u00e9l\u00e8ve<\/strong><\/span><br \/>\nmoins de 20 \u00e9l\u00e8ves : <strong><span style=\"color: #382998;\">200\u20ac\/groupe<\/span><br \/>\n<\/strong>Accompagnateurs : <span style=\"color: #382998;\"><strong>Gratuit<\/strong><\/span><\/p>\n[\/vc_column_text][\/vc_column_inner][vc_column_inner width=\u00a0\u00bb1\/2&Prime;][vc_column_text css=\u00a0\u00bb\u00a0\u00bb]\n<h3 style=\"text-align: center;\">Tarif Haute Saison<strong><br \/>\n<\/strong><\/h3>\n<p style=\"text-align: center;\">Du 30 mars 2026 au 03 juillet 2026<\/p>\n<p style=\"text-align: center;\">20 \u00e9l\u00e8ves et plus : <span style=\"color: #382998;\"><strong>12\u20ac\/\u00e9l\u00e8ve<\/strong><\/span><br \/>\nmoins de 20 \u00e9l\u00e8ves : <strong><span style=\"color: #382998;\">240\u20ac\/groupe<\/span><br \/>\n<\/strong>Accompagnateurs : <span style=\"color: #382998;\"><strong>Gratuit<\/strong><\/span><\/p>\n[\/vc_column_text][\/vc_column_inner][\/vc_row_inner][vc_column_text css=\u00a0\u00bb\u00a0\u00bb]Le tarif scolaire est valable uniquement du lundi au vendredi, hors jours f\u00e9ri\u00e9s. Le week-end, c&rsquo;est notre <a href=\"https:\/\/cybele-lyon.fr\/groupes\/\">tarif grand public qui s&rsquo;applique<\/a>.<\/p>\n<p style=\"text-align: center;\">***<\/p>\n<p style=\"text-align: left;\">Si vous ne savez pas exactement quelle visite choisir, n&rsquo;h\u00e9sitez pas \u00e0 nous envoyer un mail pour nous expliquer votre projet et nous donnant le maximum de d\u00e9tails qui pourraient nous aiguiller pour vous aider \u00e0 trouver la visite qui conviendra \u00e0 votre classe. Vous pouvez \u00e9galement consulter la <strong><a href=\"https:\/\/visite-lyon.fr\/scolaires\/visites-contees-ludiques-de-lyon-pour-les-scolaires\/\">liste compl\u00e8te de nos visites ici<\/a><\/strong>.<\/p>\n<p>Depuis la rentr\u00e9e 2021, nous n&rsquo;organisons plus que des visites en <span style=\"color: #382998;\"><strong>fran\u00e7ais<\/strong><\/span>.<\/p>\n<p style=\"text-align: left;\">Nous n&rsquo;organisons aucune visite sur mesure (l&rsquo;\u00e9criture d&rsquo;une nouvelle visite nous demande entre 4 et 6 mois de travail) mais il y a certainement une visite qui vous convient dans notre catalogue !<\/p>\n<h3 style=\"text-align: center;\">Conseils pour demander un devis<\/h3>\n<p>N&rsquo;oubliez pas de nous pr\u00e9ciser dans votre message :<\/p>\n<ul>\n<li>Le niveau de votre classe<\/li>\n<li>Le nombre de classes et d&rsquo;\u00e9l\u00e8ves<\/li>\n<li>La visite choisie si vous savez d\u00e9j\u00e0, ou au moins un quartier de pr\u00e9dilection<\/li>\n<li>Une date souhait\u00e9e, la plus pr\u00e9cise possible<\/li>\n<\/ul>\n<p style=\"text-align: center;\">Nous joindre :<br \/>\nscolaires@cybele-lyon.fr<br \/>\n04 20 88 00 34<\/p>\n[\/vc_column_text][vc_column_text]\n<h3 style=\"text-align: center;\">Demander un devis<\/h3>\n\n<div class=\"wpcf7 no-js\" id=\"wpcf7-f28-o1\" lang=\"fr-FR\" dir=\"ltr\" data-wpcf7-id=\"28\">\n<div class=\"screen-reader-response\"><p role=\"status\" aria-live=\"polite\" aria-atomic=\"true\"><\/p> <ul><\/ul><\/div>\n<form action=\"\/scolaires\/wp-json\/wp\/v2\/pages\/415#wpcf7-f28-o1\" method=\"post\" class=\"wpcf7-form init\" aria-label=\"Formulaire de contact\" novalidate=\"novalidate\" data-status=\"init\">\n<fieldset class=\"hidden-fields-container\"><input type=\"hidden\" name=\"_wpcf7\" value=\"28\" \/><input type=\"hidden\" name=\"_wpcf7_version\" value=\"6.1.5\" \/><input type=\"hidden\" name=\"_wpcf7_locale\" value=\"fr_FR\" \/><input type=\"hidden\" name=\"_wpcf7_unit_tag\" value=\"wpcf7-f28-o1\" \/><input type=\"hidden\" name=\"_wpcf7_container_post\" value=\"0\" \/><input type=\"hidden\" name=\"_wpcf7_posted_data_hash\" value=\"\" \/>\n<\/fieldset>\n<p>Votre nom (obligatoire)\n<\/p>\n<p><span class=\"wpcf7-form-control-wrap\" data-name=\"your-name\"><input size=\"40\" maxlength=\"400\" class=\"wpcf7-form-control wpcf7-text wpcf7-validates-as-required\" aria-required=\"true\" aria-invalid=\"false\" value=\"\" type=\"text\" name=\"your-name\" \/><\/span>\n<\/p>\n<p>Votre email (obligatoire)\n<\/p>\n<p><span class=\"wpcf7-form-control-wrap\" data-name=\"your-email\"><input size=\"40\" maxlength=\"400\" class=\"wpcf7-form-control wpcf7-email wpcf7-validates-as-required wpcf7-text wpcf7-validates-as-email\" aria-required=\"true\" aria-invalid=\"false\" value=\"\" type=\"email\" name=\"your-email\" \/><\/span>\n<\/p>\n<p>Votre num\u00e9ro de t\u00e9l\u00e9phone (obligatoire)\n<\/p>\n<p><span class=\"wpcf7-form-control-wrap\" data-name=\"tel-629\"><input size=\"40\" maxlength=\"400\" class=\"wpcf7-form-control wpcf7-tel wpcf7-validates-as-required wpcf7-text wpcf7-validates-as-tel\" aria-required=\"true\" aria-invalid=\"false\" value=\"\" type=\"tel\" name=\"tel-629\" \/><\/span>\n<\/p>\n<p>Le nom de votre \u00e9cole\n<\/p>\n<p><span class=\"wpcf7-form-control-wrap\" data-name=\"your-subject\"><input size=\"40\" maxlength=\"400\" class=\"wpcf7-form-control wpcf7-text\" aria-invalid=\"false\" value=\"\" type=\"text\" name=\"your-subject\" \/><\/span>\n<\/p>\n<p>Visite souhait\u00e9e\n<\/p>\n<p><span class=\"wpcf7-form-control-wrap\" data-name=\"visite\"><input size=\"40\" maxlength=\"400\" class=\"wpcf7-form-control wpcf7-text\" aria-invalid=\"false\" value=\"\" type=\"text\" name=\"visite\" \/><\/span>\n<\/p>\n<p>Date souhait\u00e9e, et 2 dates de repli (obligatoire). <em>Merci de nous donner des dates pr\u00e9cises, sans quoi nous ne pourrons pas vous \u00e9tablir de devis.<\/em>\n<\/p>\n<p><span class=\"wpcf7-form-control-wrap\" data-name=\"date\"><input size=\"40\" maxlength=\"400\" class=\"wpcf7-form-control wpcf7-text wpcf7-validates-as-required\" aria-required=\"true\" aria-invalid=\"false\" value=\"\" type=\"text\" name=\"date\" \/><\/span>\n<\/p>\n<p>Votre message\n<\/p>\n<p><span class=\"wpcf7-form-control-wrap\" data-name=\"your-message\"><textarea cols=\"40\" rows=\"10\" maxlength=\"2000\" class=\"wpcf7-form-control wpcf7-textarea\" aria-invalid=\"false\" name=\"your-message\"><\/textarea><\/span>\n<\/p>\n<p><span class=\"wpcf7-form-control-wrap\" data-name=\"newsletter\"><span class=\"wpcf7-form-control wpcf7-checkbox\"><span class=\"wpcf7-list-item first last\"><label><input type=\"checkbox\" name=\"newsletter[]\" value=\"Je souhaite m&#039;inscrire \u00e0 la newsletter scolaire de Cyb\u00e8le (6 mails par an maximum !)\" \/><span class=\"wpcf7-list-item-label\">Je souhaite m&#039;inscrire \u00e0 la newsletter scolaire de Cyb\u00e8le (6 mails par an maximum !)<\/span><\/label><\/span><\/span><\/span>\n<\/p>\n<p><span class=\"wpcf7-form-control-wrap\" data-name=\"hcap-cf7\">\t\t<input\n\t\t\t\ttype=\"hidden\"\n\t\t\t\tclass=\"hcaptcha-widget-id\"\n\t\t\t\tname=\"hcaptcha-widget-id\"\n\t\t\t\tvalue=\"eyJzb3VyY2UiOlsiY29udGFjdC1mb3JtLTdcL3dwLWNvbnRhY3QtZm9ybS03LnBocCJdLCJmb3JtX2lkIjoyOH0=-ef0d446a7cb815ab5fe05905bade3d61\">\n\t\t\t\t<span id=\"hcap_cf7-69df4a22e757a6.14285192\" class=\"wpcf7-form-control h-captcha \"\n\t\t\tdata-sitekey=\"b3ceb5a8-89fe-4eba-805a-4a0056c002a2\"\n\t\t\tdata-theme=\"light\"\n\t\t\tdata-size=\"normal\"\n\t\t\tdata-auto=\"false\"\n\t\t\tdata-ajax=\"false\"\n\t\t\tdata-force=\"false\">\n\t\t<\/span>\n\t\t<input type=\"hidden\" id=\"_wpnonce\" name=\"_wpnonce\" value=\"2bd906c7ea\" \/><input type=\"hidden\" name=\"_wp_http_referer\" value=\"\/scolaires\/wp-json\/wp\/v2\/pages\/415\" \/><\/span><input class=\"wpcf7-form-control wpcf7-submit has-spinner\" type=\"submit\" value=\"Envoyer\" \/>\n<\/p><p style=\"display: none !important;\" class=\"akismet-fields-container\" data-prefix=\"_wpcf7_ak_\"><label>&#916;<textarea name=\"_wpcf7_ak_hp_textarea\" cols=\"45\" rows=\"8\" maxlength=\"100\"><\/textarea><\/label><input type=\"hidden\" id=\"ak_js_1\" name=\"_wpcf7_ak_js\" value=\"109\"\/><script>document.getElementById( \"ak_js_1\" ).setAttribute( \"value\", ( new Date() ).getTime() );<\/script><\/p><div class=\"wpcf7-response-output\" aria-hidden=\"true\"><\/div>\n<\/form>\n<\/div>\n[\/vc_column_text]<div class=\"vcex-spacing wpex-w-100 wpex-clear\" style=\"height:30px;\"><\/div><h2 class=\"vcex-heading vcex-heading-bottom-border vcex-module wpex-heading wpex-text-2xl wpex-border-b wpex-border-solid wpex-border-main\"><span class=\"vcex-heading-inner wpex-inline-block\">Inscription \u00e0 la newsletter scolaires<\/span><\/h2>[vc_raw_html css=\u00a0\u00bb\u00a0\u00bb]JTNDaWZyYW1lJTIwZGF0YS13LXR5cGUlM0QlMjJlbWJlZGRlZCUyMiUyMGZyYW1lYm9yZGVyJTNEJTIyMCUyMiUyMHNjcm9sbGluZyUzRCUyMm5vJTIyJTIwbWFyZ2luaGVpZ2h0JTNEJTIyMCUyMiUyMG1hcmdpbndpZHRoJTNEJTIyMCUyMiUyMHNyYyUzRCUyMmh0dHBzJTNBJTJGJTJGeHYyaC5tai5hbSUyRndndCUyRnh2MmglMkYwejR2JTJGZm9ybSUzRmMlM0Q0MjRkOGViMyUyMiUyMHdpZHRoJTNEJTIyMTAwJTI1JTIyJTIwc3R5bGUlM0QlMjJoZWlnaHQlM0ElMjAwJTNCJTIyJTNFJTNDJTJGaWZyYW1lJTNFJTBBJTBBJTNDc2NyaXB0JTIwdHlwZSUzRCUyMnRleHQlMkZqYXZhc2NyaXB0JTIyJTIwc3JjJTNEJTIyaHR0cHMlM0ElMkYlMkZhcHAubWFpbGpldC5jb20lMkZwYXMtbmMtZW1iZWRkZWQtdjIuanMlMjIlM0UlM0MlMkZzY3JpcHQlM0UlMEE=[\/vc_raw_html][\/vc_column][\/vc_row]\n<\/div>","protected":false},"excerpt":{"rendered":"<p>[vc_row][vc_column][vc_row_inner][vc_column_inner width=\u00a0\u00bb1\/2&Prime;][vc_column_text css=\u00a0\u00bb\u00a0\u00bb] Tarif Basse Saison Du 1er sept 2025 au 27 mars 2026 20 \u00e9l\u00e8ves et plus : 10\u20ac\/\u00e9l\u00e8ve moins de 20 \u00e9l\u00e8ves : 200\u20ac\/groupe Accompagnateurs : Gratuit [\/vc_column_text][\/vc_column_inner][vc_column_inner width=\u00a0\u00bb1\/2&Prime;][vc_column_text css=\u00a0\u00bb\u00a0\u00bb] Tarif Haute Saison Du 30 mars 2026 au 03 juillet 2026 20 \u00e9l\u00e8ves et plus : 12\u20ac\/\u00e9l\u00e8ve moins de 20 \u00e9l\u00e8ves : 240\u20ac\/groupe&hellip;<\/p>\n","protected":false},"author":1,"featured_media":531,"parent":0,"menu_order":0,"comment_status":"closed","ping_status":"closed","template":"","meta":{"footnotes":""},"class_list":["post-415","page","type-page","status-publish","has-post-thumbnail","hentry","entry","has-media"],"yoast_head":"<!-- This site is optimized with the Yoast SEO plugin v27.4 - https:\/\/yoast.com\/product\/yoast-seo-wordpress\/ -->\n<title>Nos tarifs pr\u00e9f\u00e9rentiels pour les scolaires : visites cont\u00e9es de Lyon<\/title>\n<meta name=\"description\" content=\"Organisez un visite cont\u00e9e de Lyon avec votre classe : des tarifs pr\u00e9f\u00e9rentiels selon les diff\u00e9rents moments de l&#039;ann\u00e9e pour tous les budgets.\" \/>\n<meta name=\"robots\" content=\"index, follow, max-snippet:-1, max-image-preview:large, max-video-preview:-1\" \/>\n<link rel=\"canonical\" href=\"https:\/\/visite-lyon.fr\/scolaires\/demander-un-devis\/\" \/>\n<meta property=\"og:locale\" content=\"fr_FR\" \/>\n<meta property=\"og:type\" content=\"article\" \/>\n<meta property=\"og:title\" content=\"Nos tarifs pr\u00e9f\u00e9rentiels pour les scolaires : visites cont\u00e9es de Lyon\" \/>\n<meta property=\"og:description\" content=\"Organisez un visite cont\u00e9e de Lyon avec votre classe : des tarifs pr\u00e9f\u00e9rentiels selon les diff\u00e9rents moments de l&#039;ann\u00e9e pour tous les budgets.\" \/>\n<meta property=\"og:url\" content=\"https:\/\/visite-lyon.fr\/scolaires\/demander-un-devis\/\" \/>\n<meta property=\"og:site_name\" content=\"Visites cont\u00e9es de Lyon - Cyb\u00e8le\" \/>\n<meta property=\"article:publisher\" content=\"https:\/\/www.facebook.com\/sortiescolairelyon\/\" \/>\n<meta property=\"article:modified_time\" content=\"2026-03-27T11:20:16+00:00\" \/>\n<meta property=\"og:image\" content=\"https:\/\/visite-lyon.fr\/scolaires\/wp-content\/uploads\/2016\/12\/newsletter-sco.jpeg\" \/>\n\t<meta property=\"og:image:width\" content=\"1343\" \/>\n\t<meta property=\"og:image:height\" content=\"308\" \/>\n\t<meta property=\"og:image:type\" content=\"image\/jpeg\" \/>\n<meta name=\"twitter:label1\" content=\"Dur\u00e9e de lecture estim\u00e9e\" \/>\n\t<meta name=\"twitter:data1\" content=\"2 minutes\" \/>\n<script type=\"application\/ld+json\" class=\"yoast-schema-graph\">{\"@context\":\"https:\\\/\\\/schema.org\",\"@graph\":[{\"@type\":\"WebPage\",\"@id\":\"https:\\\/\\\/visite-lyon.fr\\\/scolaires\\\/demander-un-devis\\\/\",\"url\":\"https:\\\/\\\/visite-lyon.fr\\\/scolaires\\\/demander-un-devis\\\/\",\"name\":\"Nos tarifs pr\u00e9f\u00e9rentiels pour les scolaires : visites cont\u00e9es de Lyon\",\"isPartOf\":{\"@id\":\"https:\\\/\\\/visite-lyon.fr\\\/scolaires\\\/#website\"},\"primaryImageOfPage\":{\"@id\":\"https:\\\/\\\/visite-lyon.fr\\\/scolaires\\\/demander-un-devis\\\/#primaryimage\"},\"image\":{\"@id\":\"https:\\\/\\\/visite-lyon.fr\\\/scolaires\\\/demander-un-devis\\\/#primaryimage\"},\"thumbnailUrl\":\"https:\\\/\\\/visite-lyon.fr\\\/scolaires\\\/wp-content\\\/uploads\\\/2016\\\/12\\\/newsletter-sco.jpeg\",\"datePublished\":\"2016-10-07T12:55:32+00:00\",\"dateModified\":\"2026-03-27T11:20:16+00:00\",\"description\":\"Organisez un visite cont\u00e9e de Lyon avec votre classe : des tarifs pr\u00e9f\u00e9rentiels selon les diff\u00e9rents moments de l'ann\u00e9e pour tous les budgets.\",\"breadcrumb\":{\"@id\":\"https:\\\/\\\/visite-lyon.fr\\\/scolaires\\\/demander-un-devis\\\/#breadcrumb\"},\"inLanguage\":\"fr-FR\",\"potentialAction\":[{\"@type\":\"ReadAction\",\"target\":[\"https:\\\/\\\/visite-lyon.fr\\\/scolaires\\\/demander-un-devis\\\/\"]}]},{\"@type\":\"ImageObject\",\"inLanguage\":\"fr-FR\",\"@id\":\"https:\\\/\\\/visite-lyon.fr\\\/scolaires\\\/demander-un-devis\\\/#primaryimage\",\"url\":\"https:\\\/\\\/visite-lyon.fr\\\/scolaires\\\/wp-content\\\/uploads\\\/2016\\\/12\\\/newsletter-sco.jpeg\",\"contentUrl\":\"https:\\\/\\\/visite-lyon.fr\\\/scolaires\\\/wp-content\\\/uploads\\\/2016\\\/12\\\/newsletter-sco.jpeg\",\"width\":1343,\"height\":308,\"caption\":\"tarifs de nos visites cont\u00e9es\"},{\"@type\":\"BreadcrumbList\",\"@id\":\"https:\\\/\\\/visite-lyon.fr\\\/scolaires\\\/demander-un-devis\\\/#breadcrumb\",\"itemListElement\":[{\"@type\":\"ListItem\",\"position\":1,\"name\":\"Accueil\",\"item\":\"https:\\\/\\\/visite-lyon.fr\\\/scolaires\\\/\"},{\"@type\":\"ListItem\",\"position\":2,\"name\":\"Demander un devis &#8211; Tous nos tarifs\"}]},{\"@type\":\"WebSite\",\"@id\":\"https:\\\/\\\/visite-lyon.fr\\\/scolaires\\\/#website\",\"url\":\"https:\\\/\\\/visite-lyon.fr\\\/scolaires\\\/\",\"name\":\"Visites cont\u00e9es de Lyon - Cyb\u00e8le\",\"description\":\"Quand Cyb\u00e8le raconte Lyon, vos enfants voyagent dans le temps.\",\"publisher\":{\"@id\":\"https:\\\/\\\/visite-lyon.fr\\\/scolaires\\\/#organization\"},\"potentialAction\":[{\"@type\":\"SearchAction\",\"target\":{\"@type\":\"EntryPoint\",\"urlTemplate\":\"https:\\\/\\\/visite-lyon.fr\\\/scolaires\\\/?s={search_term_string}\"},\"query-input\":{\"@type\":\"PropertyValueSpecification\",\"valueRequired\":true,\"valueName\":\"search_term_string\"}}],\"inLanguage\":\"fr-FR\"},{\"@type\":\"Organization\",\"@id\":\"https:\\\/\\\/visite-lyon.fr\\\/scolaires\\\/#organization\",\"name\":\"Cyb\u00e8le\",\"url\":\"https:\\\/\\\/visite-lyon.fr\\\/scolaires\\\/\",\"logo\":{\"@type\":\"ImageObject\",\"inLanguage\":\"fr-FR\",\"@id\":\"https:\\\/\\\/visite-lyon.fr\\\/scolaires\\\/#\\\/schema\\\/logo\\\/image\\\/\",\"url\":\"https:\\\/\\\/visite-lyon.fr\\\/scolaires\\\/wp-content\\\/uploads\\\/2015\\\/01\\\/logo-cybele.png\",\"contentUrl\":\"https:\\\/\\\/visite-lyon.fr\\\/scolaires\\\/wp-content\\\/uploads\\\/2015\\\/01\\\/logo-cybele.png\",\"width\":269,\"height\":100,\"caption\":\"Cyb\u00e8le\"},\"image\":{\"@id\":\"https:\\\/\\\/visite-lyon.fr\\\/scolaires\\\/#\\\/schema\\\/logo\\\/image\\\/\"},\"sameAs\":[\"https:\\\/\\\/www.facebook.com\\\/sortiescolairelyon\\\/\",\"https:\\\/\\\/x.com\\\/Cybele_arts\",\"http:\\\/\\\/cybelearts\"]}]}<\/script>\n<!-- \/ Yoast SEO plugin. -->","yoast_head_json":{"title":"Nos tarifs pr\u00e9f\u00e9rentiels pour les scolaires : visites cont\u00e9es de Lyon","description":"Organisez un visite cont\u00e9e de Lyon avec votre classe : des tarifs pr\u00e9f\u00e9rentiels selon les diff\u00e9rents moments de l'ann\u00e9e pour tous les budgets.","robots":{"index":"index","follow":"follow","max-snippet":"max-snippet:-1","max-image-preview":"max-image-preview:large","max-video-preview":"max-video-preview:-1"},"canonical":"https:\/\/visite-lyon.fr\/scolaires\/demander-un-devis\/","og_locale":"fr_FR","og_type":"article","og_title":"Nos tarifs pr\u00e9f\u00e9rentiels pour les scolaires : visites cont\u00e9es de Lyon","og_description":"Organisez un visite cont\u00e9e de Lyon avec votre classe : des tarifs pr\u00e9f\u00e9rentiels selon les diff\u00e9rents moments de l'ann\u00e9e pour tous les budgets.","og_url":"https:\/\/visite-lyon.fr\/scolaires\/demander-un-devis\/","og_site_name":"Visites cont\u00e9es de Lyon - Cyb\u00e8le","article_publisher":"https:\/\/www.facebook.com\/sortiescolairelyon\/","article_modified_time":"2026-03-27T11:20:16+00:00","og_image":[{"width":1343,"height":308,"url":"https:\/\/visite-lyon.fr\/scolaires\/wp-content\/uploads\/2016\/12\/newsletter-sco.jpeg","type":"image\/jpeg"}],"twitter_misc":{"Dur\u00e9e de lecture estim\u00e9e":"2 minutes"},"schema":{"@context":"https:\/\/schema.org","@graph":[{"@type":"WebPage","@id":"https:\/\/visite-lyon.fr\/scolaires\/demander-un-devis\/","url":"https:\/\/visite-lyon.fr\/scolaires\/demander-un-devis\/","name":"Nos tarifs pr\u00e9f\u00e9rentiels pour les scolaires : visites cont\u00e9es de Lyon","isPartOf":{"@id":"https:\/\/visite-lyon.fr\/scolaires\/#website"},"primaryImageOfPage":{"@id":"https:\/\/visite-lyon.fr\/scolaires\/demander-un-devis\/#primaryimage"},"image":{"@id":"https:\/\/visite-lyon.fr\/scolaires\/demander-un-devis\/#primaryimage"},"thumbnailUrl":"https:\/\/visite-lyon.fr\/scolaires\/wp-content\/uploads\/2016\/12\/newsletter-sco.jpeg","datePublished":"2016-10-07T12:55:32+00:00","dateModified":"2026-03-27T11:20:16+00:00","description":"Organisez un visite cont\u00e9e de Lyon avec votre classe : des tarifs pr\u00e9f\u00e9rentiels selon les diff\u00e9rents moments de l'ann\u00e9e pour tous les budgets.","breadcrumb":{"@id":"https:\/\/visite-lyon.fr\/scolaires\/demander-un-devis\/#breadcrumb"},"inLanguage":"fr-FR","potentialAction":[{"@type":"ReadAction","target":["https:\/\/visite-lyon.fr\/scolaires\/demander-un-devis\/"]}]},{"@type":"ImageObject","inLanguage":"fr-FR","@id":"https:\/\/visite-lyon.fr\/scolaires\/demander-un-devis\/#primaryimage","url":"https:\/\/visite-lyon.fr\/scolaires\/wp-content\/uploads\/2016\/12\/newsletter-sco.jpeg","contentUrl":"https:\/\/visite-lyon.fr\/scolaires\/wp-content\/uploads\/2016\/12\/newsletter-sco.jpeg","width":1343,"height":308,"caption":"tarifs de nos visites cont\u00e9es"},{"@type":"BreadcrumbList","@id":"https:\/\/visite-lyon.fr\/scolaires\/demander-un-devis\/#breadcrumb","itemListElement":[{"@type":"ListItem","position":1,"name":"Accueil","item":"https:\/\/visite-lyon.fr\/scolaires\/"},{"@type":"ListItem","position":2,"name":"Demander un devis &#8211; Tous nos tarifs"}]},{"@type":"WebSite","@id":"https:\/\/visite-lyon.fr\/scolaires\/#website","url":"https:\/\/visite-lyon.fr\/scolaires\/","name":"Visites cont\u00e9es de Lyon - Cyb\u00e8le","description":"Quand Cyb\u00e8le raconte Lyon, vos enfants voyagent dans le temps.","publisher":{"@id":"https:\/\/visite-lyon.fr\/scolaires\/#organization"},"potentialAction":[{"@type":"SearchAction","target":{"@type":"EntryPoint","urlTemplate":"https:\/\/visite-lyon.fr\/scolaires\/?s={search_term_string}"},"query-input":{"@type":"PropertyValueSpecification","valueRequired":true,"valueName":"search_term_string"}}],"inLanguage":"fr-FR"},{"@type":"Organization","@id":"https:\/\/visite-lyon.fr\/scolaires\/#organization","name":"Cyb\u00e8le","url":"https:\/\/visite-lyon.fr\/scolaires\/","logo":{"@type":"ImageObject","inLanguage":"fr-FR","@id":"https:\/\/visite-lyon.fr\/scolaires\/#\/schema\/logo\/image\/","url":"https:\/\/visite-lyon.fr\/scolaires\/wp-content\/uploads\/2015\/01\/logo-cybele.png","contentUrl":"https:\/\/visite-lyon.fr\/scolaires\/wp-content\/uploads\/2015\/01\/logo-cybele.png","width":269,"height":100,"caption":"Cyb\u00e8le"},"image":{"@id":"https:\/\/visite-lyon.fr\/scolaires\/#\/schema\/logo\/image\/"},"sameAs":["https:\/\/www.facebook.com\/sortiescolairelyon\/","https:\/\/x.com\/Cybele_arts","http:\/\/cybelearts"]}]}},"_links":{"self":[{"href":"https:\/\/visite-lyon.fr\/scolaires\/wp-json\/wp\/v2\/pages\/415","targetHints":{"allow":["GET"]}}],"collection":[{"href":"https:\/\/visite-lyon.fr\/scolaires\/wp-json\/wp\/v2\/pages"}],"about":[{"href":"https:\/\/visite-lyon.fr\/scolaires\/wp-json\/wp\/v2\/types\/page"}],"author":[{"embeddable":true,"href":"https:\/\/visite-lyon.fr\/scolaires\/wp-json\/wp\/v2\/users\/1"}],"replies":[{"embeddable":true,"href":"https:\/\/visite-lyon.fr\/scolaires\/wp-json\/wp\/v2\/comments?post=415"}],"version-history":[{"count":63,"href":"https:\/\/visite-lyon.fr\/scolaires\/wp-json\/wp\/v2\/pages\/415\/revisions"}],"predecessor-version":[{"id":1908,"href":"https:\/\/visite-lyon.fr\/scolaires\/wp-json\/wp\/v2\/pages\/415\/revisions\/1908"}],"wp:featuredmedia":[{"embeddable":true,"href":"https:\/\/visite-lyon.fr\/scolaires\/wp-json\/wp\/v2\/media\/531"}],"wp:attachment":[{"href":"https:\/\/visite-lyon.fr\/scolaires\/wp-json\/wp\/v2\/media?parent=415"}],"curies":[{"name":"wp","href":"https:\/\/api.w.org\/{rel}","templated":true}]}}